{"id":7042,"date":"2021-12-14T15:53:19","date_gmt":"2021-12-14T14:53:19","guid":{"rendered":"https:\/\/dev.alpineeaglefoundation.org\/cookie-richtlinien-der-alpine-eagle-foundation\/"},"modified":"2023-05-11T09:49:38","modified_gmt":"2023-05-11T07:49:38","slug":"cookie-richtlinien","status":"publish","type":"page","link":"https:\/\/alpineeaglefoundation.org\/de\/cookie-richtlinien\/","title":{"rendered":"Cookie-Richtlinien der Alpine Eagle Foundation"},"content":{"rendered":"\t\t<div data-elementor-type=\"wp-page\" data-elementor-id=\"7042\" class=\"elementor elementor-7042 elementor-5519\" data-elementor-post-type=\"page\">\n\t\t\t\t\t\t<section class=\"elementor-section elementor-top-section elementor-element elementor-element-31c21313 elementor-section-boxed elementor-section-height-default elementor-section-height-default\" data-id=\"31c21313\" data-element_type=\"section\" data-e-type=\"section\">\n\t\t\t\t\t\t<div class=\"elementor-container elementor-column-gap-default\">\n\t\t\t\t\t<div class=\"elementor-column elementor-col-100 elementor-top-column elementor-element elementor-element-1fab75af\" data-id=\"1fab75af\" data-element_type=\"column\" data-e-type=\"column\">\n\t\t\t<div class=\"elementor-widget-wrap elementor-element-populated\">\n\t\t\t\t\t\t<div class=\"elementor-element elementor-element-876691a elementor-widget elementor-widget-text-editor\" data-id=\"876691a\" data-element_type=\"widget\" data-e-type=\"widget\" data-widget_type=\"text-editor.default\">\n\t\t\t\t<div class=\"elementor-widget-container\">\n\t\t\t\t\t\t\t\t\t<h1 style=\"font-size: 40px;\"><strong>ALPINE EAGLE FOUNDATION COOKIE POLICY<\/strong><\/h1><h4><strong>1. EINF\u00dcHRUNG <\/strong><\/h4><p>Diese Cookie-Richtlinien (nachfolgend \u00ab<strong>Cookie-Richtlinien<\/strong>\u00bb) der Alpine Eagle Foundation beschreiben die verschiedenen, im Rahmen der von der Alpine Eagle Foundation betriebenen und kontrollierten Internet-Website (nachfolgend \u00ab<strong>Website<\/strong>\u00bb) verwendeten Arten von Cookies.<\/p><p>Sie haben auf der Website Zugriff auf diese Cookie-Richtlinien.<\/p><p>Die Alpine Eagle Foundation legt als Verantwortliche die Mittel und Zwecke der in diesen Cookie-Richtlinien beschriebenen Verarbeitung der personenbezogenen Daten fest.<\/p><p>Zus\u00e4tzlich zu diesen Cookie-Richtlinien gelten f\u00fcr die Website Datenschutzrichtlinien mit weiteren Informationen zur Verarbeitung der Sie betreffenden personenbezogenen Daten.<\/p><h4><strong>2. WAS IST EIN COOKIE?<\/strong><\/h4><p>Ein Cookie ist eine Art digitales Etikett, das Ihren Online-Besuch speichert. Alle oder beinahe alle Websites nutzen die Cookie-Technologie. Ein Cookie enth\u00e4lt im Allgemeinen den Namen der Domain, von der es stammt, seine \u00abLebensdauer\u00bb sowie einen Wert, der in der Regel einer zuf\u00e4llig erzeugten, einmaligen Zahl entspricht. Die Cookies werden von Ihrem Browser bei Ihrem ersten Besuch auf einer Website heruntergeladen. Sie tragen stark zur Funktionsf\u00e4higkeit von Websites bei, verbessern sie und steigern ihre Effizienz, insbesondere indem sie Sie erkennen und an Informationen erinnern, die Ihre Nutzung der Website erleichtern k\u00f6nnen (indem sie sich beispielsweise an Ihre Pr\u00e4ferenzeinstellungen erinnern).<\/p><p><strong>Interne Cookies und Drittanbieter-Cookies<\/strong><\/p><p>Die Cookies werden bei Ihrem ersten Besuch auf der Website \u00fcber Ihren Browser auf Ihr Ger\u00e4t (zum Beispiel Computer, Smartphone oder Tablet) heruntergeladen.<\/p><p>Bei Ihrem n\u00e4chsten Besuch auf der Website vom selben Ger\u00e4t aus wird das Cookie (mit den darin enthaltenen Informationen) entweder an die Ursprungs-Website (internes Cookie) oder an eine andere Website zur\u00fcckgeschickt, zu dem es geh\u00f6rt (Drittanbieter-Cookie).<\/p><p>Wenn Sie die Nutzung aller Cookies ablehnen, werden weder die internen Cookies noch die Drittanbieter-Cookies verwendet und es wird nicht zwischen den beiden Arten von Cookies unterschieden.<\/p><p><strong>Permanente Cookies und Session Cookies<\/strong><\/p><p>Cookies k\u00f6nnen je nach ihrer Lebensdauer \u00abpermanente Cookies\u00bb oder \u00abSession Cookies\u00bb sein.<\/p><p>Permanente Cookies werden auf Ihrem Computer gespeichert, bis sie ablaufen oder bis Sie sie l\u00f6schen.<\/p><p>Session Cookies werden hingegen beim Schliessen des Browsers gel\u00f6scht.<\/p><p>Zus\u00e4tzlich zur Annahme der Cookies beim Abrufen der Website wie unten beschrieben k\u00f6nnen Sie in der Regel durch \u00c4nderung der Einstellungen Ihres Browsers entscheiden, ob Sie Cookies annehmen oder ablehnen m\u00f6chten. F\u00fcr weitere Informationen lesen Sie bitte <strong>Ziffer 4 \u00abWie verwalte ich die Cookies?\u00bb<\/strong><\/p><h4><strong>3. WELCHE ART VON COOKIES BENUTZEN WIR?<\/strong><\/h4><h3><strong>Unbedingt notwendige Cookies:<\/strong><\/h3><p>Die unbedingt notwendigen Cookies aktivieren f\u00fcr die Navigation auf der Website unabdingbare Funktionen. Sie werden ausschliesslich von der Alpine Eagle Foundation genutzt und nur auf Ihrem Computer gespeichert, w\u00e4hrend Sie sich auf der Website aufhalten. Diese Cookies erm\u00f6glichen beispielsweise bei einem Seitenwechsel die einfachere Weiterleitung von http- auf https-Websites, um das Sicherheitsniveau der \u00fcbertragenen Daten aufrechtzuerhalten. Mit solchen Cookies k\u00f6nnen ausserdem Ihre Pr\u00e4ferenzen f\u00fcr die Verwendung der Cookies auf unserer Website gespeichert werden.<\/p><p>Die wichtigsten von uns verwendeten Cookies sind PHP-Session-Cookies.<\/p><h3><strong>Analyse- und Leistungs-Cookies: <\/strong><\/h3><p>Es handelt sich um Cookies, dank denen wir die Nutzung und Leistung der Website ermitteln, Statistiken erstellen, Zugriffszahlen erheben und die Nutzung verschiedener Elemente (zum Beispiel besuchte Inhalte und Verlauf) analysieren k\u00f6nnen, um die Attraktivit\u00e4t und Benutzerfreundlichkeit unserer Dienstleistungen zu verbessern.<\/p><p>Die Analyse-Cookies werden von Google Analytics bereitgestellt.<\/p><h3><strong>Drittanbieter-Cookies<\/strong><\/h3><p>Die Website enth\u00e4lt Informatikanwendungen von Dritten wie beispielsweise YouTube, dank denen wir Videos auf der Website bereitstellen k\u00f6nnen. Wenn Sie ein Video anschauen, werden Drittanbieter-Cookies von YouTube installiert. Wenn Sie unser Spenderformular benutzen, werden von Stripe (unserem Zahlungsdienstleister) unbedingt notwendige Cookies installiert.<\/p><p>Die Website kann auch Links zu Facebook, Instagram und anderen \u00e4hnlichen sozialen Netzwerken enthalten, \u00fcber die Sie Inhalte der Website mit anderen Personen teilen k\u00f6nnen. Wenn Sie den Share Button benutzen, wird ein Cookie des entsprechenden sozialen Netzwerks installiert. Wenn Sie bei Ihrem Besuch auf der Website mit einem sozialen Netzwerk verbunden sind, k\u00f6nnen die abgerufenen Inhalte \u00fcber den Share Button mit Ihrem Benutzerkonto verkn\u00fcpft werden.<\/p><p>F\u00fcr diese Drittanbieter-Cookies gelten die Datenschutzrichtlinien dieser Drittanbieter.<\/p><h4><strong>4. WIE VERWALTE ICH DIE COOKIES?<\/strong><\/h4><h3><strong>4.1 ANNAHME DER COOKIES BEIM ERSTEN BESUCH<\/strong><\/h3><p>Bei Ihrem ersten Besuch auf der Website haben Sie die Kontrolle. Sie k\u00f6nnen die Nutzung der nicht wesentlichen Cookies mit unserem Tool f\u00fcr die Zustimmung zur Cookie-Nutzung annehmen oder ablehnen. Bitte beachten Sie jedoch, dass Sie m\u00f6glicherweise nicht alle Funktionen der Website nutzen k\u00f6nnen, wenn Sie die Cookies ablehnen.<\/p><p>Sie haben das Recht, Ihre Zustimmung jederzeit zu widerrufen und die Verwendung der nicht wesentlichen Cookies mit unserem Tool f\u00fcr die Zustimmung zur Cookie-Nutzung zu verweigern oder die Einstellungen Ihres Browsers so zu \u00e4ndern, dass die Cookies dieser Plattform nicht auf Ihrem Computer oder Mobilger\u00e4t gespeichert werden k\u00f6nnen.<\/p><h3><strong>4.2 DEAKTIVIERUNG UND\/ODER L\u00d6SCHEN DER COOKIES \u00dcBER IHREN BROWSER<\/strong><\/h3><p>Sie k\u00f6nnen die Cookie-Einstellungen in Ihrem Browser \u00e4ndern. Die Cookie-Einstellungen Ihres Browsers befinden sich in der Regel im Men\u00fc \u00abOptionen\u00bb, \u00abEinstellungen\u00bb oder \u00abPr\u00e4ferenzen\u00bb. Sie k\u00f6nnen auch das \u00abHilfe\u00bb-Men\u00fc Ihres Browsers aufrufen. Der Mechanismus zur Deaktivierung der Cookies kann sich je nach Browser unterscheiden.<\/p><p>Nachfolgend erhalten Sie ein paar Links und Informationen f\u00fcr weitere Angaben, wie Sie die Cookie-Einstellungen verwalten k\u00f6nnen:<\/p><p>Internet Explorer: <a href=\"https:\/\/support.microsoft.com\/fr-fr\/help\/17442\/windows-internet-explorer-delete-manage-cookies\">https:\/\/support.microsoft.com\/de-de\/help\/17442\/windows-internet-explorer-delete-manage-cookies<\/a><\/p><p>Chrome : <a href=\"https:\/\/support.google.com\/chrome\/answer\/95647?hl=fr\">https:\/\/support.google.com\/chrome\/answer\/95647?hl=de <\/a><\/p><p>Safari : <a href=\"https:\/\/support.apple.com\/kb\/index?page=search&amp;type=organic&amp;src=support_searchbox_main&amp;locale=fr_FR&amp;q=cookie\">https:\/\/support.apple.com\/kb\/index?page=search&amp;type=organic&amp;src=support_searchbox_main&amp;locale=de_DE&amp;q=cookie <\/a><\/p><p>Firefox : <a href=\"https:\/\/support.mozilla.org\/fr\/products\/firefox\/protect-your-privacy\/cookies\">https:\/\/support.mozilla.org\/de\/products\/firefox\/protect-your-privacy\/cookies <\/a><\/p><p>Opera : <a href=\"http:\/\/help.opera.com\/Windows\/10.20\/fr\/cookies.html\">https:\/\/help.opera.com\/de\/latest\/web-preferences\/#cookies <\/a><\/p><p>Wenn Sie die Website von unterschiedlichen Computern aus nutzen, m\u00fcssen Sie die Einstellungs\u00e4nderungen wiederholen.<\/p><p>Weitere Informationen \u00fcber Cookies, u. a. zur Frage, welche Cookies auf Ihrem Computer oder Mobilger\u00e4t gespeichert wurden und wie sie verwaltet und gel\u00f6scht werden k\u00f6nnen, erhalten Sie unter <a href=\"http:\/\/www.allaboutcookies.org\">www.allaboutcookies.org<\/a>.<\/p><h3><strong>4.3 STEUERUNG DER ANALYSE-, SHARING- UND WERBE-COOKIES \u00dcBER EINE COOKIE-VERWALTUNGSPLATTFORM<\/strong><\/h3><p>Weitere Informationen zur verhaltensabh\u00e4ngigen Werbung und zum Schutz der Privatsph\u00e4re im Internet erhalten Sie unter <a href=\"http:\/\/www.youronlinechoices.com\/\">http:\/\/www.youronlinechoices.com\/<\/a>. Dort erfahren Sie, welche Unternehmen eingetragen sind und Ihnen die M\u00f6glichkeit geben, die Anzeige massgeschneiderter Werbung abzulehnen oder anzunehmen. Diese Plattform verhindert jedoch nicht, dass die gem\u00e4ss den oben beschriebenen Modalit\u00e4ten erstellten Cookies abgelegt oder gespeichert werden.<\/p><p>Bitte beachten Sie: Die \u00dcbernahme Ihrer Wahl basiert auf einem Cookie. Wenn Sie alle auf Ihrem Endger\u00e4t gespeicherten Cookies wie oben angegeben \u00fcber Ihren Browser l\u00f6schen, wissen wir oder unsere Dienstleister nicht, dass Sie diese Option gew\u00e4hlt haben.<\/p><p>__________________________________________<\/p><p>Version 1 &#8211; November 2021<\/p>\t\t\t\t\t\t\t\t<\/div>\n\t\t\t\t<\/div>\n\t\t\t\t\t<\/div>\n\t\t<\/div>\n\t\t\t\t\t<\/div>\n\t\t<\/section>\n\t\t\t\t<\/div>\n\t\t","protected":false},"excerpt":{"rendered":"<p>ALPINE EAGLE FOUNDATION COOKIE POLICY 1. EINF\u00dcHRUNG Diese Cookie-Richtlinien (nachfolgend \u00abCookie-Richtlinien\u00bb) der Alpine Eagle Foundation beschreiben die verschiedenen, im Rahmen der von der Alpine Eagle Foundation betriebenen und kontrollierten Internet-Website (nachfolgend \u00abWebsite\u00bb) verwendeten Arten von Cookies. Sie haben auf der Website Zugriff auf diese Cookie-Richtlinien. Die Alpine Eagle Foundation legt als Verantwortliche die Mittel und [&hellip;]<\/p>\n","protected":false},"author":5,"featured_media":7041,"parent":0,"menu_order":0,"comment_status":"closed","ping_status":"closed","template":"","meta":{"inline_featured_image":false,"footnotes":""},"class_list":["post-7042","page","type-page","status-publish","has-post-thumbnail","hentry"],"yoast_head":"<!-- This site is optimized with the Yoast SEO plugin v27.1.1 - https:\/\/yoast.com\/product\/yoast-seo-wordpress\/ -->\n<title>Cookie-Richtlinien der Alpine Eagle Foundation - Alpine Eagle Foundation<\/title>\n<meta name=\"description\" content=\"Diese Cookie-Richtlinien (nachfolgend \u00abCookie-Richtlinien\u00bb) der Alpine Eagle Foundation beschreiben die verschiedenen...\" \/>\n<meta name=\"robots\" content=\"noindex, follow, max-snippet:-1, max-image-preview:large, max-video-preview:-1\" \/>\n<meta property=\"og:locale\" content=\"de_DE\" \/>\n<meta property=\"og:type\" content=\"article\" \/>\n<meta property=\"og:title\" content=\"Cookie-Richtlinien der Alpine Eagle Foundation\" \/>\n<meta property=\"og:description\" content=\"Diese Cookie-Richtlinien der Alpine Eagle Foundation beschreiben die verschiedenen, im Rahmen der von der Alpine Eagle Foundation betriebenen und kontrollierten Internet-Website verwendeten Arten von Cookies.\" \/>\n<meta property=\"og:url\" content=\"https:\/\/alpineeaglefoundation.org\/de\/cookie-richtlinien\/\" \/>\n<meta property=\"og:site_name\" content=\"Alpine Eagle Foundation\" \/>\n<meta property=\"article:modified_time\" content=\"2023-05-11T07:49:38+00:00\" \/>\n<meta property=\"og:image\" content=\"https:\/\/www.alpineeaglefoundation.org\/wp-content\/uploads\/2021\/11\/alpine_eagle_foundation_dsk_stock_a.jpg\" \/>\n\t<meta property=\"og:image:width\" content=\"1920\" \/>\n\t<meta property=\"og:image:height\" content=\"783\" \/>\n\t<meta property=\"og:image:type\" content=\"image\/jpeg\" \/>\n<meta name=\"twitter:card\" content=\"summary_large_image\" \/>\n<meta name=\"twitter:title\" content=\"Cookie-Richtlinien der Alpine Eagle Foundation\" \/>\n<meta name=\"twitter:description\" content=\"Diese Cookie-Richtlinien der Alpine Eagle Foundation beschreiben die verschiedenen, im Rahmen der von der Alpine Eagle Foundation betriebenen und kontrollierten Internet-Website verwendeten Arten von Cookies.\" \/>\n<meta name=\"twitter:image\" content=\"https:\/\/alpineeaglefoundation.org\/wp-content\/uploads\/2021\/11\/alpine_eagle_foundation_dsk_stock_a.jpg\" \/>\n<meta name=\"twitter:label1\" content=\"Gesch\u00e4tzte Lesezeit\" \/>\n\t<meta name=\"twitter:data1\" content=\"6\u00a0Minuten\" \/>\n<script type=\"application\/ld+json\" class=\"yoast-schema-graph\">{\"@context\":\"https:\/\/schema.org\",\"@graph\":[{\"@type\":\"WebPage\",\"@id\":\"https:\/\/alpineeaglefoundation.org\/de\/cookie-richtlinien\/\",\"url\":\"https:\/\/alpineeaglefoundation.org\/de\/cookie-richtlinien\/\",\"name\":\"Cookie-Richtlinien der Alpine Eagle Foundation - Alpine Eagle Foundation\",\"isPartOf\":{\"@id\":\"https:\/\/3.69.228.97\/#website\"},\"primaryImageOfPage\":{\"@id\":\"https:\/\/alpineeaglefoundation.org\/de\/cookie-richtlinien\/#primaryimage\"},\"image\":{\"@id\":\"https:\/\/alpineeaglefoundation.org\/de\/cookie-richtlinien\/#primaryimage\"},\"thumbnailUrl\":\"https:\/\/alpineeaglefoundation.org\/wp-content\/uploads\/2021\/12\/dsk_stock_a.jpg\",\"datePublished\":\"2021-12-14T14:53:19+00:00\",\"dateModified\":\"2023-05-11T07:49:38+00:00\",\"description\":\"Diese Cookie-Richtlinien (nachfolgend \u00abCookie-Richtlinien\u00bb) der Alpine Eagle Foundation beschreiben die verschiedenen...\",\"breadcrumb\":{\"@id\":\"https:\/\/alpineeaglefoundation.org\/de\/cookie-richtlinien\/#breadcrumb\"},\"inLanguage\":\"de\",\"potentialAction\":[{\"@type\":\"ReadAction\",\"target\":[\"https:\/\/alpineeaglefoundation.org\/de\/cookie-richtlinien\/\"]}]},{\"@type\":\"ImageObject\",\"inLanguage\":\"de\",\"@id\":\"https:\/\/alpineeaglefoundation.org\/de\/cookie-richtlinien\/#primaryimage\",\"url\":\"https:\/\/alpineeaglefoundation.org\/wp-content\/uploads\/2021\/12\/dsk_stock_a.jpg\",\"contentUrl\":\"https:\/\/alpineeaglefoundation.org\/wp-content\/uploads\/2021\/12\/dsk_stock_a.jpg\",\"width\":1920,\"height\":783,\"caption\":\"A small wooden cabin on an alpine\"},{\"@type\":\"BreadcrumbList\",\"@id\":\"https:\/\/alpineeaglefoundation.org\/de\/cookie-richtlinien\/#breadcrumb\",\"itemListElement\":[{\"@type\":\"ListItem\",\"position\":1,\"name\":\"Home\",\"item\":\"https:\/\/www.alpineeaglefoundation.org\/de\/\"},{\"@type\":\"ListItem\",\"position\":2,\"name\":\"Cookie-Richtlinien der Alpine Eagle Foundation\"}]},{\"@type\":\"WebSite\",\"@id\":\"https:\/\/3.69.228.97\/#website\",\"url\":\"https:\/\/3.69.228.97\/\",\"name\":\"Alpine Eagle Foundation\",\"description\":\"Preserve the Alps\",\"potentialAction\":[{\"@type\":\"SearchAction\",\"target\":{\"@type\":\"EntryPoint\",\"urlTemplate\":\"https:\/\/3.69.228.97\/?s={search_term_string}\"},\"query-input\":{\"@type\":\"PropertyValueSpecification\",\"valueRequired\":true,\"valueName\":\"search_term_string\"}}],\"inLanguage\":\"de\"}]}<\/script>\n<!-- \/ Yoast SEO plugin. -->","yoast_head_json":{"title":"Cookie-Richtlinien der Alpine Eagle Foundation - Alpine Eagle Foundation","description":"Diese Cookie-Richtlinien (nachfolgend \u00abCookie-Richtlinien\u00bb) der Alpine Eagle Foundation beschreiben die verschiedenen...","robots":{"index":"noindex","follow":"follow","max-snippet":"max-snippet:-1","max-image-preview":"max-image-preview:large","max-video-preview":"max-video-preview:-1"},"og_locale":"de_DE","og_type":"article","og_title":"Cookie-Richtlinien der Alpine Eagle Foundation","og_description":"Diese Cookie-Richtlinien der Alpine Eagle Foundation beschreiben die verschiedenen, im Rahmen der von der Alpine Eagle Foundation betriebenen und kontrollierten Internet-Website verwendeten Arten von Cookies.","og_url":"https:\/\/alpineeaglefoundation.org\/de\/cookie-richtlinien\/","og_site_name":"Alpine Eagle Foundation","article_modified_time":"2023-05-11T07:49:38+00:00","og_image":[{"width":1920,"height":783,"url":"https:\/\/www.alpineeaglefoundation.org\/wp-content\/uploads\/2021\/11\/alpine_eagle_foundation_dsk_stock_a.jpg","type":"image\/jpeg"}],"twitter_card":"summary_large_image","twitter_title":"Cookie-Richtlinien der Alpine Eagle Foundation","twitter_description":"Diese Cookie-Richtlinien der Alpine Eagle Foundation beschreiben die verschiedenen, im Rahmen der von der Alpine Eagle Foundation betriebenen und kontrollierten Internet-Website verwendeten Arten von Cookies.","twitter_image":"https:\/\/alpineeaglefoundation.org\/wp-content\/uploads\/2021\/11\/alpine_eagle_foundation_dsk_stock_a.jpg","twitter_misc":{"Gesch\u00e4tzte Lesezeit":"6\u00a0Minuten"},"schema":{"@context":"https:\/\/schema.org","@graph":[{"@type":"WebPage","@id":"https:\/\/alpineeaglefoundation.org\/de\/cookie-richtlinien\/","url":"https:\/\/alpineeaglefoundation.org\/de\/cookie-richtlinien\/","name":"Cookie-Richtlinien der Alpine Eagle Foundation - Alpine Eagle Foundation","isPartOf":{"@id":"https:\/\/3.69.228.97\/#website"},"primaryImageOfPage":{"@id":"https:\/\/alpineeaglefoundation.org\/de\/cookie-richtlinien\/#primaryimage"},"image":{"@id":"https:\/\/alpineeaglefoundation.org\/de\/cookie-richtlinien\/#primaryimage"},"thumbnailUrl":"https:\/\/alpineeaglefoundation.org\/wp-content\/uploads\/2021\/12\/dsk_stock_a.jpg","datePublished":"2021-12-14T14:53:19+00:00","dateModified":"2023-05-11T07:49:38+00:00","description":"Diese Cookie-Richtlinien (nachfolgend \u00abCookie-Richtlinien\u00bb) der Alpine Eagle Foundation beschreiben die verschiedenen...","breadcrumb":{"@id":"https:\/\/alpineeaglefoundation.org\/de\/cookie-richtlinien\/#breadcrumb"},"inLanguage":"de","potentialAction":[{"@type":"ReadAction","target":["https:\/\/alpineeaglefoundation.org\/de\/cookie-richtlinien\/"]}]},{"@type":"ImageObject","inLanguage":"de","@id":"https:\/\/alpineeaglefoundation.org\/de\/cookie-richtlinien\/#primaryimage","url":"https:\/\/alpineeaglefoundation.org\/wp-content\/uploads\/2021\/12\/dsk_stock_a.jpg","contentUrl":"https:\/\/alpineeaglefoundation.org\/wp-content\/uploads\/2021\/12\/dsk_stock_a.jpg","width":1920,"height":783,"caption":"A small wooden cabin on an alpine"},{"@type":"BreadcrumbList","@id":"https:\/\/alpineeaglefoundation.org\/de\/cookie-richtlinien\/#breadcrumb","itemListElement":[{"@type":"ListItem","position":1,"name":"Home","item":"https:\/\/www.alpineeaglefoundation.org\/de\/"},{"@type":"ListItem","position":2,"name":"Cookie-Richtlinien der Alpine Eagle Foundation"}]},{"@type":"WebSite","@id":"https:\/\/3.69.228.97\/#website","url":"https:\/\/3.69.228.97\/","name":"Alpine Eagle Foundation","description":"Preserve the Alps","potentialAction":[{"@type":"SearchAction","target":{"@type":"EntryPoint","urlTemplate":"https:\/\/3.69.228.97\/?s={search_term_string}"},"query-input":{"@type":"PropertyValueSpecification","valueRequired":true,"valueName":"search_term_string"}}],"inLanguage":"de"}]}},"_links":{"self":[{"href":"https:\/\/alpineeaglefoundation.org\/de\/wp-json\/wp\/v2\/pages\/7042","targetHints":{"allow":["GET"]}}],"collection":[{"href":"https:\/\/alpineeaglefoundation.org\/de\/wp-json\/wp\/v2\/pages"}],"about":[{"href":"https:\/\/alpineeaglefoundation.org\/de\/wp-json\/wp\/v2\/types\/page"}],"author":[{"embeddable":true,"href":"https:\/\/alpineeaglefoundation.org\/de\/wp-json\/wp\/v2\/users\/5"}],"replies":[{"embeddable":true,"href":"https:\/\/alpineeaglefoundation.org\/de\/wp-json\/wp\/v2\/comments?post=7042"}],"version-history":[{"count":9,"href":"https:\/\/alpineeaglefoundation.org\/de\/wp-json\/wp\/v2\/pages\/7042\/revisions"}],"predecessor-version":[{"id":8340,"href":"https:\/\/alpineeaglefoundation.org\/de\/wp-json\/wp\/v2\/pages\/7042\/revisions\/8340"}],"wp:featuredmedia":[{"embeddable":true,"href":"https:\/\/alpineeaglefoundation.org\/de\/wp-json\/wp\/v2\/media\/7041"}],"wp:attachment":[{"href":"https:\/\/alpineeaglefoundation.org\/de\/wp-json\/wp\/v2\/media?parent=7042"}],"curies":[{"name":"wp","href":"https:\/\/api.w.org\/{rel}","templated":true}]}}