{"id":7165,"date":"2021-12-14T21:21:25","date_gmt":"2021-12-14T20:21:25","guid":{"rendered":"https:\/\/dev.alpineeaglefoundation.org\/nutzungsbedingungen\/"},"modified":"2023-05-11T09:45:10","modified_gmt":"2023-05-11T07:45:10","slug":"nutzungsbedingungen","status":"publish","type":"page","link":"https:\/\/alpineeaglefoundation.org\/de\/nutzungsbedingungen\/","title":{"rendered":"Nutzungsbedingungen"},"content":{"rendered":"\t\t<div data-elementor-type=\"wp-page\" data-elementor-id=\"7165\" class=\"elementor elementor-7165 elementor-5512\" data-elementor-post-type=\"page\">\n\t\t\t\t\t\t<section class=\"elementor-section elementor-top-section elementor-element elementor-element-4f4a18c5 elementor-section-boxed elementor-section-height-default elementor-section-height-default\" data-id=\"4f4a18c5\" data-element_type=\"section\" data-e-type=\"section\">\n\t\t\t\t\t\t<div class=\"elementor-container elementor-column-gap-default\">\n\t\t\t\t\t<div class=\"elementor-column elementor-col-100 elementor-top-column elementor-element elementor-element-34975062\" data-id=\"34975062\" data-element_type=\"column\" data-e-type=\"column\">\n\t\t\t<div class=\"elementor-widget-wrap elementor-element-populated\">\n\t\t\t\t\t\t<div class=\"elementor-element elementor-element-6ffb7680 elementor-widget elementor-widget-text-editor\" data-id=\"6ffb7680\" data-element_type=\"widget\" data-e-type=\"widget\" data-widget_type=\"text-editor.default\">\n\t\t\t\t<div class=\"elementor-widget-container\">\n\t\t\t\t\t\t\t\t\t<h1 style=\"font-size: 40px;\">NUTZUNGSBEDINGUNGEN DER WEBSITE ALPINE EAGLE FOUNDATION<\/h1>\n<h4>1. RECHTLICHE INFORMATIONEN UND ANNAHME DER NUTZUNGSBEDINGUNGEN<\/h4>\n<p>1.1 Die Website www.alpineeaglefoundation.org (nachfolgend \u00abWebsite\u00bb) wird von der Alpine Eagle Foundation, einer Stiftung nach Schweizer Recht (nachfolgend \u00abAlpine Eagle Foundation\u00bb, \u00absie\u00bb oder \u00abwir\u00bb) betrieben, und ihre Nutzung wird durch diese Nutzungsbedingungen (nachfolgend \u00abNutzungsbedingungen\u00bb) geregelt. Wir haben diese Nutzungsbedingungen erstellt, um Sie \u00fcber die Bedingungen f\u00fcr die Nutzung unserer Website und der anderen, von uns f\u00fcr Sie bereitgestellten Dienstleistungen (nachfolgend gemeinsam \u00abDienstleistungen\u00bb) zu informieren.<\/p>\n<p>1.2 Bitte nehmen Sie sich die Zeit, die Nutzungsbedingungen aufmerksam zu lesen, bevor Sie auf unsere Website zugreifen oder eine unserer Dienstleistungen nutzen. Falls Sie mit irgendeiner Bestimmung der Nutzungsbedingungen nicht einverstanden sind, verlassen Sie die Website bitte unverz\u00fcglich und nutzen Sie keine unserer anderen Dienstleistungen.<\/p>\n<p>1.3 Die Alpine Eagle Foundation kann alle Teile der Nutzungsbedingungen nach eigenem Ermessen von Zeit zu Zeit \u00fcberarbeiten, \u00e4ndern und\/oder l\u00f6schen. Die neue, datierte Fassung der Nutzungsbedingungen tritt mit dem Datum ihrer Online-Ver\u00f6ffentlichung in Kraft.<\/p>\n<p>1.4 Die Nutzungsbedingungen regeln zusammen mit unseren Datenschutzrichtlinien die Beziehung zwischen der Alpine Eagle Foundation und Ihnen in Bezug auf die Website.<\/p>\n<h4>2. BESCHREIBUNG DER AUF DER WEBSITE ENTHALTENEN DIENSTLEISTUNGEN UND INFORMATIONEN<\/h4>\n<p>2.1 \u00dcber die Website und die Dienstleistungen k\u00f6nnen wir Ihnen Informationen \u00fcber die von der Alpine Eagle Foundation unterst\u00fctzten Projekte zukommen lassen und Ihre Spenden sammeln.<\/p>\n<p>Bitte beachten Sie, dass s\u00e4mtliche Funktionen, Inhalte und Eigenschaften unserer Website und Dienstleistungen ohne vorherige Ank\u00fcndigung ge\u00e4ndert werden k\u00f6nnen.<\/p>\n<p>2.2 Obwohl wir uns bem\u00fchen, die Vollst\u00e4ndigkeit, Richtigkeit und Aktualisierung unserer Dienstleistungen sowie s\u00e4mtlicher von uns bereitgestellter Informationen zu gew\u00e4hrleisten, k\u00f6nnen sich bestimmte Angaben bisweilen als unrichtig, unvollst\u00e4ndig oder veraltet erweisen. Wir geben keinerlei Erkl\u00e4rung \u00fcber die Vollst\u00e4ndigkeit oder Richtigkeit der \u00fcber die Website oder die Dienstleistungen bereitgestellten Informationen und Inhalte ab.<\/p>\n<p>2.3 Die Alpine Eagle Foundation beh\u00e4lt sich das Recht vor, an der Website und den Dienstleistungen jederzeit und ohne vorherige Ank\u00fcndigung \u00c4nderungen, Korrekturen und\/oder Verbesserungen vorzunehmen, \u00fcbernimmt jedoch keinerlei diesbez\u00fcgliche Haftung.<\/p>\n<p>2.4 Wir geben im \u00dcbrigen keinerlei Erkl\u00e4rung zur Qualit\u00e4t oder Sicherheit der von uns oder von Dritten angebotenen oder bereitgestellten Dienstleistungen ab.<\/p>\n<h4>3. VERHALTEN DER NUTZER<\/h4>\n<p>Mit der Nutzung unserer Website stimmen Sie zu:<\/p>\n<ul>\n<li>die Website nicht zu rechtswidrigen oder durch diese Nutzungsbedingungen untersagten Zwecken zu verwenden.<\/li>\n<li>keinen Teil unserer Website zu vervielf\u00e4ltigen, zu ver\u00e4ndern, zu verteilen, zu verkaufen oder zu vermieten.<\/li>\n<li>vorbehaltlich der Einholung unserer schriftlichen Zustimmung keine Drittanwendungen zu nutzen oder zu entwickeln, um mit der Website, dem Inhalt oder den Informationen anderer Nutzer zu interagieren.<\/li>\n<li>keine Inhalte bereitzustellen, die beleidigend sind oder Pornografie, Gewalt, Drohungen oder Hassreden beinhalten oder zu Gewalt aufrufen oder jegliche widerrechtliche T\u00e4tigkeiten f\u00f6rdern.<\/li>\n<li>die Website nicht auf eine Weise zu nutzen, die gegen die Rechte der Alpine Eagle Foundation oder von Dritten verstossen w\u00fcrde.<\/li>\n<li>die Website nicht zu nutzen, um Dritte einschliesslich anderer Nutzer zu bel\u00e4stigen, zu beschimpfen, zu diffamieren, ihnen nachzustellen oder zu drohen.<\/li>\n<li>die Sicherheit der Website nicht zu gef\u00e4hrden, indem Sie u. a. Viren oder andere Schadprogramme herunterladen.<\/li>\n<li>nicht zu versuchen, die von der Alpine Eagle Foundation genutzten Inhaltsfilter oder Inhaltsfiltertechnologien zu umgehen.<\/li>\n<li>nicht zu versuchen, auf Bereiche oder Funktionen zuzugreifen, f\u00fcr die Sie keine Berechtigung besitzen.<\/li>\n<li>nicht zu versuchen, die Sicherheit oder Anf\u00e4lligkeit der Website einschliesslich der Systeme und Netzwerke der Alpine Eagle Foundation zu pr\u00fcfen, zu analysieren oder zu testen.<\/li>\n<li>keine unaufgeforderten oder unerw\u00fcnschten Nachrichten an die Alpine Eagle Foundation oder andere Nutzer zu schicken.<\/li>\n<li>sich an keiner T\u00e4tigkeit zu beteiligen und keine Aktivit\u00e4ten zu f\u00f6rdern, die gegen die Nutzungsbedingungen verstossen w\u00fcrden.<br><br><\/li>\n<\/ul>\n<h4>4. VERTRAULICHKEIT<\/h4>\n<p>Die Vertraulichkeit Ihrer personenbezogenen Daten ist f\u00fcr uns von zentraler Bedeutung. Konsultieren Sie unsere Datenschutzrichtlinien, um zu erfahren, wie Ihre personenbezogenen Daten verarbeitet werden, wenn Sie unsere Website nutzen.<\/p>\n<h4>5. URHEBERRECHTE UND RECHTE AM GEISTIGEN EIGENTUM<\/h4>\n<p>Die Informationen, Fotografien, Texte, Grafiken, Videos, Tonaufnahmen, Tools, Bilder und anderen durch diese oder auf dieser Website bereitgestellten Inhalte (nachfolgend \u00abInhalt\u00bb) sowie die Website selbst sind durch Urheber- oder Markenschutzrechte oder sonstige Rechte am geistigen Eigentum gesch\u00fctzt. Dieser Inhalt ist Eigentum der Alpine Eagle Foundation oder ihrer Mitglieder oder wird im Rahmen einer Lizenz mit Genehmigung ihrer Mitglieder genutzt. Er wird ausschliesslich zu Ihrer pers\u00f6nlichen, nicht gewerblichen Nutzung sowie zur Information bereitgestellt. Er umfasst ausserdem u. a. Texte, Grafikelemente, Fotografien, interaktive Funktionen, Marken, die Pr\u00e4sentation und die Logos (nachfolgend \u00abMarken\u00bb). Sie sind nicht berechtigt, unseren Inhalt und unsere Marken zu irgendeinem, durch die Nutzungsbedingungen nicht erlaubten Zweck auf irgendeine Wiese zu nutzen, zu manipulieren, zu vervielf\u00e4ltigen, zu reproduzieren, zu \u00fcbermitteln, zu verteilen, zu vertreiben, anzuzeigen, zu verkaufen oder zu verwenden. Alle Rechte bleiben weltweit vorbehalten.<\/p>\n<h4>6. NUTZUNG DER WEBSITE<\/h4>\n<p>6.1 Die Materialien, Informationen und Inhalte der Website werden ausschliesslich zu Informations- und Werbezwecken pr\u00e4sentiert.<\/p>\n<p>6.2 Die Materialien, Informationen und Inhalte werden Ihnen nur zu Ihrer pers\u00f6nlichen Nutzung bereitgestellt. Sie d\u00fcrfen die Materialien, Informationen und Inhalte, die auf der Website erscheinen, zu ausschliesslich pers\u00f6nlichen, nicht gewerblichen Zwecken herunterladen, anzeigen oder ausdrucken, sofern sie auf jedem Exemplar die Erw\u00e4hnung des Urheberrechts beibehalten und die Marken oder sonstigen Eigentumshinweise nicht ver\u00e4ndern. Durch das Herunterladen oder die Reproduktion von Dokumenten oder Software erhalten Sie keinerlei Rechte, Titel oder Interessen in Bezug auf diese Dokumente oder Software.<\/p>\n<p>6.3 Jede andere Nutzung einschliesslich der Reproduktion zu anderen als pers\u00f6nlichen, nicht gewerblichen Zwecken, die Ver\u00e4nderung, Offenlegung, Ver\u00f6ffentlichung, Verteilung, \u00dcbertragung, Schaffung von abgeleiteten Werken oder Verbreitung der Materialien, Informationen und Inhalten der Website insgesamt oder in Teilen und mit irgendwelchen Mitteln ist ohne vorherige schriftliche Genehmigung der Alpine Eagle Foundation streng untersagt.<\/p>\n<p>6.4 Die Alpine Eagle Foundation gew\u00e4hrleistet nicht, dass die Nutzung von Materialien, Informationen oder Inhalten auf ihrer Website nicht gegen die Rechte Dritter verst\u00f6sst.<\/p>\n<h4>7. ALS NICHT VERTRAULICH BETRACHTETE INFORMATIONEN UND BEITR\u00c4GE<\/h4>\n<p>7.1 Alle \u00fcber das Internet an die Website geschickten personenbezogenen Daten werden gem\u00e4ss den Datenschutzrichtlinien der Alpine Eagle Foundation gesch\u00fctzt und behandelt. Die Alpine Eagle Foundation bittet Sie, die Datenschutzrichtlinien sorgf\u00e4ltig zu lesen, bevor Sie solche Informationen oder personenbezogenen Identifikationen senden.<\/p>\n<p>7.2 Alle Beitr\u00e4ge sowie alle sonstigen Dokumente, die Sie im Zusammenhang mit der Website oder mit irgendeinem anderen Mittel der Alpine Eagle Foundation mitteilen oder anvertrauen, werden sowohl f\u00fcr Sie als auch f\u00fcr alle Dritten als nicht vertraulich, nicht ausschliesslich und nicht personenbezogen betrachtet.<\/p>\n<p>7.3 Sie sind f\u00fcr alle Beitr\u00e4ge verantwortlich, die in Bezug auf Urheberrechte, hinterlegte Marken, Patente, Gesch\u00e4ftsgeheimnisse, das Privatleben oder andere personenbezogene Rechte oder Eigentumsrechte gegen die Rechte von Dritten verstossen.<\/p>\n<h4>8. GARANTIBESCHR\u00c4NKUNG<\/h4>\n<p>8.1 Alle Inhalte, Materialien oder Informationen auf der Website werden ohne jegliche ausdr\u00fcckliche oder stillschweigende Garantie bereitgestellt.<\/p>\n<p>8.2 Die Alpine Eagle Foundation kann nicht f\u00fcr Sch\u00e4den haftbar gemacht werden, die durch die Nutzung der Website durch Sie verursacht werden, das Ergebnis davon sein oder im Zusammenhang damit stehen k\u00f6nnten.<\/p>\n<p>8.3 Obwohl die Alpine Eagle Foundation die zumutbaren und angemessenen technischen, organisatorischen und administrativen Sicherheitsmassnahmen ergreift, um die ihr anvertrauten Informationen zu sch\u00fctzen, m\u00fcssen Sie zur Kenntnis nehmen, dass die Sicherheit elektronischer Nachrichten im Internet ungewiss ist, falls Sie \u00fcber diesen Weg mit uns kommunizieren (einschliesslich, jedoch nicht nur, \u00fcber unser Kontaktformular). Mit dem Versand sensibler oder vertraulicher elektronischer Nachrichten akzeptieren Sie das dieser Ungewissheit innewohnende Risiko und einen eventuellen Vertraulichkeitsmangel der Internetkommunikation.<\/p>\n<h4>9. HAFTUNGSBESCHR\u00c4NKUNG<\/h4>\n<p>9.1 Der Zugriff auf die Website, die Nutzung und das Durchsuchen der Website sowie die Navigation auf der Website durch Sie erfolgen auf eigene Gefahr.<\/p>\n<p>9.2 Sie stimmen zu, dass innerhalb der Grenzen der anwendbaren Vorschriften weder die Alpine Eagle Foundation noch irgendeines ihrer Mitglieder in irgendeinem Fall haftbar gemacht werden k\u00f6nnen f\u00fcr tats\u00e4chliche direkte, indirekte, besondere, akzessorische oder exemplarische Sch\u00e4den sowie Straf- oder Folgesch\u00e4den oder andere Sch\u00e4den jeglicher Art aus oder in Verbindung mit der Nutzung, der Unm\u00f6glichkeit der Nutzung oder der Verbreitung von Informationen, Erzeugnissen, Dokumenten oder anderen Inhalten oder Dienstleistungen auf dieser Website, auch wenn die Alpine Eagle Foundation vorg\u00e4ngig im Rahmen einer Vertragsklage oder einer anderen Klage \u00fcber die M\u00f6glichkeit solcher Sch\u00e4den informiert wurde.<\/p>\n<p>9.3 Das Herunterladen und der auf irgendeine Weise erfolgte Erhalt s\u00e4mtlicher Materialien, Informationen und Inhalte im Rahmen der Nutzung der Website geschieht auf eigene Gefahr. Die Alpine Eagle Foundation lehnt jede Haftung f\u00fcr Sch\u00e4den oder Viren ab, die aufgrund Ihres Zugriffs auf ihre Website, Ihrer Nutzung derselben, des Herunterladens von Materialien, Informationen oder Inhalten oder jedes anderen widerrechtlichen Eindringens oder Eingriffs ins Datenverarbeitungssystem an Ihren Datenverarbeitungsger\u00e4ten oder anderen Sachen entstehen k\u00f6nnten.<\/p>\n<p>9.4 Die Alpine Eagle Foundation beh\u00e4lt sich das Recht vor, die Funktionen ihrer Website ganz oder teilweise zu unterbrechen oder auszusetzen und \u00fcbernimmt keinerlei Haftung f\u00fcr die Unterbrechung oder Aussetzung einer oder aller Funktionen ihrer Website aufgrund von Handlungen oder Unterlassungen durch sie oder durch Dritte.<\/p>\n<h4>10. LINKS<\/h4>\n<p>Die Website kann Links zu Websites von Dritten enthalten, die von der Alpine Eagle Foundation weder betrieben noch kontrolliert werden. Die Alpine Eagle Foundation stellt die Links zu Informationszwecken bereit und unterst\u00fctzt weder die Eigent\u00fcmer noch den Inhalt der verlinkten Websites.<\/p>\n<h4>11. ANWENDBARES RECHT UND GERICHTSSTAND<\/h4>\n<p>11.1 Diese Nutzungsbedingungen entsprechen der Gesamtheit des Vertrags zwischen der Alpine Eagle Foundation und Ihnen in Bezug auf den Zugriff auf die Website und die Nutzung ihres Inhalts.<\/p>\n<p>11.2 Diese Nutzungsbedingungen sowie Ihre Nutzung der Website sowie alle zwischen Ihnen und uns geschlossenen Vereinbarungen unterstehen unter Ausschluss der kollisionsrechtlichen Grunds\u00e4tze dem Schweizer Recht und werden nach Schweizer Recht ausgelegt. Alle Streitigkeiten, Meinungsverschiedenheiten oder Beschwerden aus oder in Verbindung mit den Nutzungsbedingungen werden der ausschliesslichen Zust\u00e4ndigkeit der ordentlichen Gerichte des Kantons Genf, Schweiz, vorgelegt. Vorbehalten bleibt die Beschwerde beim Bundesgericht. Die Parteien vereinbaren, sich der pers\u00f6nlichen und ausschliesslichen Zust\u00e4ndigkeit dieses Gerichts zu unterstellen.<\/p>\n<h4>12. EIGENST\u00c4NDIGKEIT DER BESTIMMUNGEN<\/h4>\n<p>Falls sich irgendein Teil der Nutzungsbedingungen als ung\u00fcltig oder nicht vollstreckbar erweisen sollte, wird sie von den Nutzungsbedingungen getrennt und wirkt sich nicht auf die G\u00fcltigkeit und Vollstreckbarkeit der verbleibenden Bedingungen aus.<\/p>\n<h4>13. GESAMTHEIT DER BEDINGUNGEN<\/h4>\n<p>13.1 Bitte beachten Sie, dass die Nutzungsbedingungen sowie alle anderen, durch Verweis aufgenommenen Dokumente die Gesamtheit der Vereinbarung zwischen der Alpine Eagle Foundation und Ihnen darstellen.<\/p>\n<p>13.2 Diese Nutzungsbedingungen bleiben bis zu ihrer \u00c4nderung oder K\u00fcndigung g\u00fcltig.<\/p>\n<h4>14. KONTAKT<\/h4>\n<p>F\u00fcr Fragen zu den Nutzungsbedingungen oder unserer Praxis k\u00f6nnen Sie uns \u00fcber unser Kontaktformular oder unter der folgenden Adresse kontaktieren:<\/p>\n<p>Datenschutzrichtlinien<br>8, rue de Veyrot<br>1217 Meyrin 1 \u2013 Genf \u2013 Schweiz<br>Email: <a href=\"mailto:contact@dev.alpineeaglefoundation.org\">contact@dev.alpineeaglefoundation.org<\/a><br>Tel: +41 (0)22 939 88 87<\/p>\n<p>_______________________________________________<br>Version 1 &#8211; November 2021<\/p>\t\t\t\t\t\t\t\t<\/div>\n\t\t\t\t<\/div>\n\t\t\t\t\t<\/div>\n\t\t<\/div>\n\t\t\t\t\t<\/div>\n\t\t<\/section>\n\t\t\t\t<\/div>\n\t\t","protected":false},"excerpt":{"rendered":"<p>NUTZUNGSBEDINGUNGEN DER WEBSITE ALPINE EAGLE FOUNDATION 1. RECHTLICHE INFORMATIONEN UND ANNAHME DER NUTZUNGSBEDINGUNGEN 1.1 Die Website www.alpineeaglefoundation.org (nachfolgend \u00abWebsite\u00bb) wird von der Alpine Eagle Foundation, einer Stiftung nach Schweizer Recht (nachfolgend \u00abAlpine Eagle Foundation\u00bb, \u00absie\u00bb oder \u00abwir\u00bb) betrieben, und ihre Nutzung wird durch diese Nutzungsbedingungen (nachfolgend \u00abNutzungsbedingungen\u00bb) geregelt. Wir haben diese Nutzungsbedingungen erstellt, um Sie [&hellip;]<\/p>\n","protected":false},"author":5,"featured_media":7041,"parent":0,"menu_order":0,"comment_status":"closed","ping_status":"closed","template":"","meta":{"inline_featured_image":false,"footnotes":""},"class_list":["post-7165","page","type-page","status-publish","has-post-thumbnail","hentry"],"yoast_head":"<!-- This site is optimized with the Yoast SEO plugin v27.1.1 - https:\/\/yoast.com\/product\/yoast-seo-wordpress\/ -->\n<title>Nutzungsbedingungen - Alpine Eagle Foundation<\/title>\n<meta name=\"description\" content=\"Diese Nutzungsbedingungen stellen die gesamte Vereinbarung zwischen der Stiftung Alpenadler und Ihnen in Bezug auf den Zugang...\" \/>\n<meta name=\"robots\" content=\"noindex, follow, max-snippet:-1, max-image-preview:large, max-video-preview:-1\" \/>\n<meta property=\"og:locale\" content=\"de_DE\" \/>\n<meta property=\"og:type\" content=\"article\" \/>\n<meta property=\"og:title\" content=\"Nutzungsbedingungen - Alpine Eagle Foundation\" \/>\n<meta property=\"og:description\" content=\"Ces conditions d&#039;utilisation constituent l&#039;int\u00e9gralit\u00e9 de l&#039;accord entre la Fondation Alpine Eagle et vous concernant l&#039;acc\u00e8s et l&#039;utilisation du site...\" \/>\n<meta property=\"og:url\" content=\"https:\/\/alpineeaglefoundation.org\/de\/nutzungsbedingungen\/\" \/>\n<meta property=\"og:site_name\" content=\"Alpine Eagle Foundation\" \/>\n<meta property=\"article:modified_time\" content=\"2023-05-11T07:45:10+00:00\" \/>\n<meta property=\"og:image\" content=\"https:\/\/alpineeaglefoundation.org\/wp-content\/uploads\/2021\/12\/dsk_stock_a.jpg\" \/>\n\t<meta property=\"og:image:width\" content=\"1920\" \/>\n\t<meta property=\"og:image:height\" content=\"783\" \/>\n\t<meta property=\"og:image:type\" content=\"image\/jpeg\" \/>\n<meta name=\"twitter:card\" content=\"summary_large_image\" \/>\n<meta name=\"twitter:title\" content=\"Nutzungsbedingungen - Alpine Eagle Foundation\" \/>\n<meta name=\"twitter:description\" content=\"Diese Nutzungsbedingungen stellen die gesamte Vereinbarung zwischen der Stiftung Alpenadler und Ihnen in Bezug auf den Zugang...\" \/>\n<meta name=\"twitter:image\" content=\"https:\/\/alpineeaglefoundation.org\/wp-content\/uploads\/2021\/12\/dsk_stock_a.jpg\" \/>\n<meta name=\"twitter:label1\" content=\"Gesch\u00e4tzte Lesezeit\" \/>\n\t<meta name=\"twitter:data1\" content=\"10\u00a0Minuten\" \/>\n<script type=\"application\/ld+json\" class=\"yoast-schema-graph\">{\"@context\":\"https:\/\/schema.org\",\"@graph\":[{\"@type\":\"WebPage\",\"@id\":\"https:\/\/alpineeaglefoundation.org\/de\/nutzungsbedingungen\/\",\"url\":\"https:\/\/alpineeaglefoundation.org\/de\/nutzungsbedingungen\/\",\"name\":\"Nutzungsbedingungen - Alpine Eagle Foundation\",\"isPartOf\":{\"@id\":\"https:\/\/3.69.228.97\/#website\"},\"primaryImageOfPage\":{\"@id\":\"https:\/\/alpineeaglefoundation.org\/de\/nutzungsbedingungen\/#primaryimage\"},\"image\":{\"@id\":\"https:\/\/alpineeaglefoundation.org\/de\/nutzungsbedingungen\/#primaryimage\"},\"thumbnailUrl\":\"https:\/\/alpineeaglefoundation.org\/wp-content\/uploads\/2021\/12\/dsk_stock_a.jpg\",\"datePublished\":\"2021-12-14T20:21:25+00:00\",\"dateModified\":\"2023-05-11T07:45:10+00:00\",\"description\":\"Diese Nutzungsbedingungen stellen die gesamte Vereinbarung zwischen der Stiftung Alpenadler und Ihnen in Bezug auf den Zugang...\",\"breadcrumb\":{\"@id\":\"https:\/\/alpineeaglefoundation.org\/de\/nutzungsbedingungen\/#breadcrumb\"},\"inLanguage\":\"de\",\"potentialAction\":[{\"@type\":\"ReadAction\",\"target\":[\"https:\/\/alpineeaglefoundation.org\/de\/nutzungsbedingungen\/\"]}]},{\"@type\":\"ImageObject\",\"inLanguage\":\"de\",\"@id\":\"https:\/\/alpineeaglefoundation.org\/de\/nutzungsbedingungen\/#primaryimage\",\"url\":\"https:\/\/alpineeaglefoundation.org\/wp-content\/uploads\/2021\/12\/dsk_stock_a.jpg\",\"contentUrl\":\"https:\/\/alpineeaglefoundation.org\/wp-content\/uploads\/2021\/12\/dsk_stock_a.jpg\",\"width\":1920,\"height\":783,\"caption\":\"A small wooden cabin on an alpine\"},{\"@type\":\"BreadcrumbList\",\"@id\":\"https:\/\/alpineeaglefoundation.org\/de\/nutzungsbedingungen\/#breadcrumb\",\"itemListElement\":[{\"@type\":\"ListItem\",\"position\":1,\"name\":\"Home\",\"item\":\"https:\/\/www.alpineeaglefoundation.org\/de\/\"},{\"@type\":\"ListItem\",\"position\":2,\"name\":\"Nutzungsbedingungen\"}]},{\"@type\":\"WebSite\",\"@id\":\"https:\/\/3.69.228.97\/#website\",\"url\":\"https:\/\/3.69.228.97\/\",\"name\":\"Alpine Eagle Foundation\",\"description\":\"Preserve the Alps\",\"potentialAction\":[{\"@type\":\"SearchAction\",\"target\":{\"@type\":\"EntryPoint\",\"urlTemplate\":\"https:\/\/3.69.228.97\/?s={search_term_string}\"},\"query-input\":{\"@type\":\"PropertyValueSpecification\",\"valueRequired\":true,\"valueName\":\"search_term_string\"}}],\"inLanguage\":\"de\"}]}<\/script>\n<!-- \/ Yoast SEO plugin. -->","yoast_head_json":{"title":"Nutzungsbedingungen - Alpine Eagle Foundation","description":"Diese Nutzungsbedingungen stellen die gesamte Vereinbarung zwischen der Stiftung Alpenadler und Ihnen in Bezug auf den Zugang...","robots":{"index":"noindex","follow":"follow","max-snippet":"max-snippet:-1","max-image-preview":"max-image-preview:large","max-video-preview":"max-video-preview:-1"},"og_locale":"de_DE","og_type":"article","og_title":"Nutzungsbedingungen - Alpine Eagle Foundation","og_description":"Ces conditions d'utilisation constituent l'int\u00e9gralit\u00e9 de l'accord entre la Fondation Alpine Eagle et vous concernant l'acc\u00e8s et l'utilisation du site...","og_url":"https:\/\/alpineeaglefoundation.org\/de\/nutzungsbedingungen\/","og_site_name":"Alpine Eagle Foundation","article_modified_time":"2023-05-11T07:45:10+00:00","og_image":[{"width":1920,"height":783,"url":"https:\/\/alpineeaglefoundation.org\/wp-content\/uploads\/2021\/12\/dsk_stock_a.jpg","type":"image\/jpeg"}],"twitter_card":"summary_large_image","twitter_title":"Nutzungsbedingungen - Alpine Eagle Foundation","twitter_description":"Diese Nutzungsbedingungen stellen die gesamte Vereinbarung zwischen der Stiftung Alpenadler und Ihnen in Bezug auf den Zugang...","twitter_image":"https:\/\/alpineeaglefoundation.org\/wp-content\/uploads\/2021\/12\/dsk_stock_a.jpg","twitter_misc":{"Gesch\u00e4tzte Lesezeit":"10\u00a0Minuten"},"schema":{"@context":"https:\/\/schema.org","@graph":[{"@type":"WebPage","@id":"https:\/\/alpineeaglefoundation.org\/de\/nutzungsbedingungen\/","url":"https:\/\/alpineeaglefoundation.org\/de\/nutzungsbedingungen\/","name":"Nutzungsbedingungen - Alpine Eagle Foundation","isPartOf":{"@id":"https:\/\/3.69.228.97\/#website"},"primaryImageOfPage":{"@id":"https:\/\/alpineeaglefoundation.org\/de\/nutzungsbedingungen\/#primaryimage"},"image":{"@id":"https:\/\/alpineeaglefoundation.org\/de\/nutzungsbedingungen\/#primaryimage"},"thumbnailUrl":"https:\/\/alpineeaglefoundation.org\/wp-content\/uploads\/2021\/12\/dsk_stock_a.jpg","datePublished":"2021-12-14T20:21:25+00:00","dateModified":"2023-05-11T07:45:10+00:00","description":"Diese Nutzungsbedingungen stellen die gesamte Vereinbarung zwischen der Stiftung Alpenadler und Ihnen in Bezug auf den Zugang...","breadcrumb":{"@id":"https:\/\/alpineeaglefoundation.org\/de\/nutzungsbedingungen\/#breadcrumb"},"inLanguage":"de","potentialAction":[{"@type":"ReadAction","target":["https:\/\/alpineeaglefoundation.org\/de\/nutzungsbedingungen\/"]}]},{"@type":"ImageObject","inLanguage":"de","@id":"https:\/\/alpineeaglefoundation.org\/de\/nutzungsbedingungen\/#primaryimage","url":"https:\/\/alpineeaglefoundation.org\/wp-content\/uploads\/2021\/12\/dsk_stock_a.jpg","contentUrl":"https:\/\/alpineeaglefoundation.org\/wp-content\/uploads\/2021\/12\/dsk_stock_a.jpg","width":1920,"height":783,"caption":"A small wooden cabin on an alpine"},{"@type":"BreadcrumbList","@id":"https:\/\/alpineeaglefoundation.org\/de\/nutzungsbedingungen\/#breadcrumb","itemListElement":[{"@type":"ListItem","position":1,"name":"Home","item":"https:\/\/www.alpineeaglefoundation.org\/de\/"},{"@type":"ListItem","position":2,"name":"Nutzungsbedingungen"}]},{"@type":"WebSite","@id":"https:\/\/3.69.228.97\/#website","url":"https:\/\/3.69.228.97\/","name":"Alpine Eagle Foundation","description":"Preserve the Alps","potentialAction":[{"@type":"SearchAction","target":{"@type":"EntryPoint","urlTemplate":"https:\/\/3.69.228.97\/?s={search_term_string}"},"query-input":{"@type":"PropertyValueSpecification","valueRequired":true,"valueName":"search_term_string"}}],"inLanguage":"de"}]}},"_links":{"self":[{"href":"https:\/\/alpineeaglefoundation.org\/de\/wp-json\/wp\/v2\/pages\/7165","targetHints":{"allow":["GET"]}}],"collection":[{"href":"https:\/\/alpineeaglefoundation.org\/de\/wp-json\/wp\/v2\/pages"}],"about":[{"href":"https:\/\/alpineeaglefoundation.org\/de\/wp-json\/wp\/v2\/types\/page"}],"author":[{"embeddable":true,"href":"https:\/\/alpineeaglefoundation.org\/de\/wp-json\/wp\/v2\/users\/5"}],"replies":[{"embeddable":true,"href":"https:\/\/alpineeaglefoundation.org\/de\/wp-json\/wp\/v2\/comments?post=7165"}],"version-history":[{"count":12,"href":"https:\/\/alpineeaglefoundation.org\/de\/wp-json\/wp\/v2\/pages\/7165\/revisions"}],"predecessor-version":[{"id":8334,"href":"https:\/\/alpineeaglefoundation.org\/de\/wp-json\/wp\/v2\/pages\/7165\/revisions\/8334"}],"wp:featuredmedia":[{"embeddable":true,"href":"https:\/\/alpineeaglefoundation.org\/de\/wp-json\/wp\/v2\/media\/7041"}],"wp:attachment":[{"href":"https:\/\/alpineeaglefoundation.org\/de\/wp-json\/wp\/v2\/media?parent=7165"}],"curies":[{"name":"wp","href":"https:\/\/api.w.org\/{rel}","templated":true}]}}