{"id":8084,"date":"2023-04-13T15:35:06","date_gmt":"2023-04-13T13:35:06","guid":{"rendered":"https:\/\/dev.alpineeaglefoundation.org\/?page_id=8084"},"modified":"2023-04-13T16:41:02","modified_gmt":"2023-04-13T14:41:02","slug":"neuheiten","status":"publish","type":"page","link":"https:\/\/alpineeaglefoundation.org\/de\/neuheiten\/","title":{"rendered":"Neuheiten"},"content":{"rendered":"\t\t<div data-elementor-type=\"wp-page\" data-elementor-id=\"8084\" class=\"elementor elementor-8084 elementor-7948\" data-elementor-post-type=\"page\">\n\t\t\t\t\t\t<section class=\"elementor-section elementor-top-section elementor-element elementor-element-9ad514f elementor-section-full_width elementor-section-stretched elementor-section-height-default elementor-section-height-default\" data-id=\"9ad514f\" data-element_type=\"section\" data-e-type=\"section\" data-settings=\"{&quot;stretch_section&quot;:&quot;section-stretched&quot;}\">\n\t\t\t\t\t\t<div class=\"elementor-container elementor-column-gap-default\">\n\t\t\t\t\t<div class=\"elementor-column elementor-col-100 elementor-top-column elementor-element elementor-element-6b23306 elementor-hidden-desktop elementor-hidden-tablet\" data-id=\"6b23306\" data-element_type=\"column\" data-e-type=\"column\" data-settings=\"{&quot;background_background&quot;:&quot;classic&quot;}\">\n\t\t\t<div class=\"elementor-widget-wrap elementor-element-populated\">\n\t\t\t\t\t\t<div class=\"elementor-element elementor-element-63a7421 elementor-widget elementor-widget-image\" data-id=\"63a7421\" data-element_type=\"widget\" data-e-type=\"widget\" data-widget_type=\"image.default\">\n\t\t\t\t<div class=\"elementor-widget-container\">\n\t\t\t\t\t\t\t\t\t\t\t\t\t\t\t<img fetchpriority=\"high\" decoding=\"async\" width=\"1024\" height=\"929\" src=\"https:\/\/alpineeaglefoundation.org\/wp-content\/uploads\/2023\/01\/AEF-Newsroom-mob-1024x929.jpg\" class=\"attachment-large size-large wp-image-7958\" alt=\"Un lac dans une vall\u00e9e alpine encaiss\u00e9e entour\u00e9 de sapins et de monts enneig\u00e9s.\" srcset=\"https:\/\/alpineeaglefoundation.org\/wp-content\/uploads\/2023\/01\/AEF-Newsroom-mob-1024x929.jpg 1024w, https:\/\/alpineeaglefoundation.org\/wp-content\/uploads\/2023\/01\/AEF-Newsroom-mob-300x272.jpg 300w, https:\/\/alpineeaglefoundation.org\/wp-content\/uploads\/2023\/01\/AEF-Newsroom-mob-768x697.jpg 768w, https:\/\/alpineeaglefoundation.org\/wp-content\/uploads\/2023\/01\/AEF-Newsroom-mob-600x544.jpg 600w, https:\/\/alpineeaglefoundation.org\/wp-content\/uploads\/2023\/01\/AEF-Newsroom-mob.jpg 1080w\" sizes=\"(max-width: 1024px) 100vw, 1024px\" \/>\t\t\t\t\t\t\t\t\t\t\t\t\t\t\t<\/div>\n\t\t\t\t<\/div>\n\t\t\t\t\t<\/div>\n\t\t<\/div>\n\t\t\t\t\t<\/div>\n\t\t<\/section>\n\t\t\t\t<section class=\"elementor-section elementor-top-section elementor-element elementor-element-e63744f elementor-section-boxed elementor-section-height-default elementor-section-height-default\" data-id=\"e63744f\" data-element_type=\"section\" data-e-type=\"section\">\n\t\t\t\t\t\t<div class=\"elementor-container elementor-column-gap-default\">\n\t\t\t\t\t<div class=\"elementor-column elementor-col-100 elementor-top-column elementor-element elementor-element-96dc805\" data-id=\"96dc805\" data-element_type=\"column\" data-e-type=\"column\">\n\t\t\t<div class=\"elementor-widget-wrap elementor-element-populated\">\n\t\t\t\t\t\t<div class=\"elementor-element elementor-element-2b555e9 elementor-hidden-desktop elementor-hidden-tablet elementor-widget elementor-widget-wildworld_heading\" data-id=\"2b555e9\" data-element_type=\"widget\" data-e-type=\"widget\" data-widget_type=\"wildworld_heading.default\">\n\t\t\t\t<div class=\"elementor-widget-container\">\n\t\t\t\t\t\n        <div class=\"wildworld_heading_widget\">\n                            <h1 class=\"wildworld_heading\">\n\n                                             <span>Neuheiten<\/span>\n                                        <\/h1>\n                        <\/div>\n        \t\t\t\t<\/div>\n\t\t\t\t<\/div>\n\t\t\t\t\t<\/div>\n\t\t<\/div>\n\t\t\t\t\t<\/div>\n\t\t<\/section>\n\t\t\t\t<section class=\"elementor-section elementor-top-section elementor-element elementor-element-4584ebe elementor-section-boxed elementor-section-height-default elementor-section-height-default\" data-id=\"4584ebe\" data-element_type=\"section\" data-e-type=\"section\">\n\t\t\t\t\t\t<div class=\"elementor-container elementor-column-gap-default\">\n\t\t\t\t\t<div class=\"elementor-column elementor-col-100 elementor-top-column elementor-element elementor-element-d1789ab\" data-id=\"d1789ab\" data-element_type=\"column\" data-e-type=\"column\">\n\t\t\t<div class=\"elementor-widget-wrap elementor-element-populated\">\n\t\t\t\t\t\t<div class=\"elementor-element elementor-element-b187b4f elementor-hidden-desktop elementor-hidden-tablet elementor-widget elementor-widget-wildworld_heading\" data-id=\"b187b4f\" data-element_type=\"widget\" data-e-type=\"widget\" data-widget_type=\"wildworld_heading.default\">\n\t\t\t\t<div class=\"elementor-widget-container\">\n\t\t\t\t\t\n        <div class=\"wildworld_heading_widget\">\n                                <div class=\"wildworld_up_heading\">\n                                                    <div class=\"wildworld_up_heading_marker wildworld_marker_left\"><\/div>\n                                                <\/div>\n                                    <h3 class=\"wildworld_heading\">\n\n                     <span><\/span>                <\/h3>\n                        <\/div>\n        \t\t\t\t<\/div>\n\t\t\t\t<\/div>\n\t\t\t\t\t<\/div>\n\t\t<\/div>\n\t\t\t\t\t<\/div>\n\t\t<\/section>\n\t\t\t\t<section class=\"elementor-section elementor-top-section elementor-element elementor-element-62c58c69 elementor-section-boxed elementor-section-height-default elementor-section-height-default\" data-id=\"62c58c69\" data-element_type=\"section\" data-e-type=\"section\">\n\t\t\t\t\t\t<div class=\"elementor-container elementor-column-gap-no\">\n\t\t\t\t\t<div class=\"elementor-column elementor-col-33 elementor-top-column elementor-element elementor-element-389db7e8\" data-id=\"389db7e8\" data-element_type=\"column\" data-e-type=\"column\">\n\t\t\t<div class=\"elementor-widget-wrap\">\n\t\t\t\t\t\t\t<\/div>\n\t\t<\/div>\n\t\t\t\t<div class=\"elementor-column elementor-col-33 elementor-top-column elementor-element elementor-element-38e80e4\" data-id=\"38e80e4\" data-element_type=\"column\" data-e-type=\"column\">\n\t\t\t<div class=\"elementor-widget-wrap elementor-element-populated\">\n\t\t\t\t\t\t<div class=\"elementor-element elementor-element-755b3259 elementor-widget elementor-widget-wildworld_heading\" data-id=\"755b3259\" data-element_type=\"widget\" data-e-type=\"widget\" data-widget_type=\"wildworld_heading.default\">\n\t\t\t\t<div class=\"elementor-widget-container\">\n\t\t\t\t\t\n        <div class=\"wildworld_heading_widget\">\n                                <div class=\"wildworld_up_heading\">\n                        Sie sprechen \u00fcber uns                    <\/div>\n                                    <h3 class=\"wildworld_heading\">\n\n                    Entdecken Sie die Alpine Eagle <span>Foundation in der Presse<\/span>                <\/h3>\n                        <\/div>\n        \t\t\t\t<\/div>\n\t\t\t\t<\/div>\n\t\t\t\t\t<\/div>\n\t\t<\/div>\n\t\t\t\t<div class=\"elementor-column elementor-col-33 elementor-top-column elementor-element elementor-element-5178930a\" data-id=\"5178930a\" data-element_type=\"column\" data-e-type=\"column\">\n\t\t\t<div class=\"elementor-widget-wrap\">\n\t\t\t\t\t\t\t<\/div>\n\t\t<\/div>\n\t\t\t\t\t<\/div>\n\t\t<\/section>\n\t\t\t\t<section class=\"elementor-section elementor-top-section elementor-element elementor-element-81c34f5 elementor-section-boxed elementor-section-height-default elementor-section-height-default\" data-id=\"81c34f5\" data-element_type=\"section\" data-e-type=\"section\">\n\t\t\t\t\t\t<div class=\"elementor-container elementor-column-gap-default\">\n\t\t\t\t\t<div class=\"elementor-column elementor-col-33 elementor-top-column elementor-element elementor-element-8c41f1e elementor-invisible\" data-id=\"8c41f1e\" data-element_type=\"column\" data-e-type=\"column\" data-settings=\"{&quot;animation&quot;:&quot;fadeIn&quot;}\">\n\t\t\t<div class=\"elementor-widget-wrap elementor-element-populated\">\n\t\t\t\t\t\t<div class=\"elementor-element elementor-element-e44330f elementor-widget elementor-widget-image\" data-id=\"e44330f\" data-element_type=\"widget\" data-e-type=\"widget\" data-widget_type=\"image.default\">\n\t\t\t\t<div class=\"elementor-widget-container\">\n\t\t\t\t\t\t\t\t\t\t\t\t\t\t\t\t<a href=\"http:\/\/dev.alpineeaglefoundation.org\/wp-content\/uploads\/2023\/04\/CP-naissances-23-AEF_DE.pdf\" target=\"_blank\">\n\t\t\t\t\t\t\t<img decoding=\"async\" width=\"650\" height=\"850\" src=\"https:\/\/alpineeaglefoundation.org\/wp-content\/uploads\/2023\/04\/Article-blog-aiglons-tinified.jpg\" class=\"attachment-full size-full wp-image-8123\" alt=\"Un jeune aiglon gris dans son nid constitu\u00e9 de branches, \u00e0 c\u00f4t\u00e9 d&#039;un oeuf blanc.\" srcset=\"https:\/\/alpineeaglefoundation.org\/wp-content\/uploads\/2023\/04\/Article-blog-aiglons-tinified.jpg 650w, https:\/\/alpineeaglefoundation.org\/wp-content\/uploads\/2023\/04\/Article-blog-aiglons-tinified-229x300.jpg 229w, https:\/\/alpineeaglefoundation.org\/wp-content\/uploads\/2023\/04\/Article-blog-aiglons-tinified-600x785.jpg 600w\" sizes=\"(max-width: 650px) 100vw, 650px\" \/>\t\t\t\t\t\t\t\t<\/a>\n\t\t\t\t\t\t\t\t\t\t\t\t\t\t\t<\/div>\n\t\t\t\t<\/div>\n\t\t\t\t<div class=\"elementor-element elementor-element-d1b82da elementor-widget elementor-widget-wildworld_heading\" data-id=\"d1b82da\" data-element_type=\"widget\" data-e-type=\"widget\" data-widget_type=\"wildworld_heading.default\">\n\t\t\t\t<div class=\"elementor-widget-container\">\n\t\t\t\t\t\n        <div class=\"wildworld_heading_widget\">\n                            <h4 class=\"wildworld_heading\">\n\n                                             <span>Das erste Adlerjunge 2023<\/span>\n                                        <\/h4>\n                        <\/div>\n        \t\t\t\t<\/div>\n\t\t\t\t<\/div>\n\t\t\t\t\t<\/div>\n\t\t<\/div>\n\t\t\t\t<div class=\"elementor-column elementor-col-33 elementor-top-column elementor-element elementor-element-816a5cb elementor-invisible\" data-id=\"816a5cb\" data-element_type=\"column\" data-e-type=\"column\" data-settings=\"{&quot;animation&quot;:&quot;fadeIn&quot;,&quot;animation_delay&quot;:200}\">\n\t\t\t<div class=\"elementor-widget-wrap\">\n\t\t\t\t\t\t\t<\/div>\n\t\t<\/div>\n\t\t\t\t<div class=\"elementor-column elementor-col-33 elementor-top-column elementor-element elementor-element-adf06e2 elementor-invisible\" data-id=\"adf06e2\" data-element_type=\"column\" data-e-type=\"column\" data-settings=\"{&quot;animation&quot;:&quot;fadeIn&quot;,&quot;animation_delay&quot;:400}\">\n\t\t\t<div class=\"elementor-widget-wrap\">\n\t\t\t\t\t\t\t<\/div>\n\t\t<\/div>\n\t\t\t\t\t<\/div>\n\t\t<\/section>\n\t\t\t\t<\/div>\n\t\t","protected":false},"excerpt":{"rendered":"","protected":false},"author":5,"featured_media":5825,"parent":0,"menu_order":0,"comment_status":"closed","ping_status":"closed","template":"","meta":{"inline_featured_image":false,"footnotes":""},"class_list":["post-8084","page","type-page","status-publish","has-post-thumbnail","hentry"],"yoast_head":"<!-- This site is optimized with the Yoast SEO plugin v27.1.1 - https:\/\/yoast.com\/product\/yoast-seo-wordpress\/ -->\n<title>Neuheiten - Alpine Eagle Foundation<\/title>\n<meta name=\"description\" content=\"Lesen Sie auf dieser Seite, was die Presse \u00fcber die Alpine Eagle Foundation zu sagen hat, indem Sie die Artikel lesen, die wir hier zusammengestellt haben.\" \/>\n<meta name=\"robots\" content=\"noindex, follow, max-snippet:-1, max-image-preview:large, max-video-preview:-1\" \/>\n<meta property=\"og:locale\" content=\"de_DE\" \/>\n<meta property=\"og:type\" content=\"article\" \/>\n<meta property=\"og:title\" content=\"Neuheiten - Alpine Eagle Foundation\" \/>\n<meta property=\"og:description\" content=\"Lesen Sie auf dieser Seite, was die Presse \u00fcber die Alpine Eagle Foundation zu sagen hat, indem Sie die Artikel lesen, die wir hier zusammengestellt haben.\" \/>\n<meta property=\"og:url\" content=\"https:\/\/alpineeaglefoundation.org\/de\/neuheiten\/\" \/>\n<meta property=\"og:site_name\" content=\"Alpine Eagle Foundation\" \/>\n<meta property=\"article:modified_time\" content=\"2023-04-13T14:41:02+00:00\" \/>\n<meta property=\"og:image\" content=\"http:\/\/dev.alpineeaglefoundation.org\/wp-content\/uploads\/2021\/10\/Partners-header-v1-1024x418.jpg\" \/>\n<meta name=\"twitter:card\" content=\"summary_large_image\" \/>\n<meta name=\"twitter:title\" content=\"Neuheiten - Alpine Eagle Foundation\" \/>\n<meta name=\"twitter:description\" content=\"Lesen Sie auf dieser Seite, was die Presse \u00fcber die Alpine Eagle Foundation zu sagen hat, indem Sie die Artikel lesen, die wir hier zusammengestellt haben.\" \/>\n<meta name=\"twitter:image\" content=\"http:\/\/dev.alpineeaglefoundation.org\/wp-content\/uploads\/2021\/10\/Partners-header-v1-1024x418.jpg\" \/>\n<script type=\"application\/ld+json\" class=\"yoast-schema-graph\">{\"@context\":\"https:\/\/schema.org\",\"@graph\":[{\"@type\":\"WebPage\",\"@id\":\"https:\/\/alpineeaglefoundation.org\/de\/neuheiten\/\",\"url\":\"https:\/\/alpineeaglefoundation.org\/de\/neuheiten\/\",\"name\":\"Neuheiten - Alpine Eagle Foundation\",\"isPartOf\":{\"@id\":\"https:\/\/3.69.228.97\/#website\"},\"primaryImageOfPage\":{\"@id\":\"https:\/\/alpineeaglefoundation.org\/de\/neuheiten\/#primaryimage\"},\"image\":{\"@id\":\"https:\/\/alpineeaglefoundation.org\/de\/neuheiten\/#primaryimage\"},\"thumbnailUrl\":\"https:\/\/alpineeaglefoundation.org\/wp-content\/uploads\/2021\/10\/Partners-header-v1-1.jpg\",\"datePublished\":\"2023-04-13T13:35:06+00:00\",\"dateModified\":\"2023-04-13T14:41:02+00:00\",\"description\":\"Lesen Sie auf dieser Seite, was die Presse \u00fcber die Alpine Eagle Foundation zu sagen hat, indem Sie die Artikel lesen, die wir hier zusammengestellt haben.\",\"breadcrumb\":{\"@id\":\"https:\/\/alpineeaglefoundation.org\/de\/neuheiten\/#breadcrumb\"},\"inLanguage\":\"de\",\"potentialAction\":[{\"@type\":\"ReadAction\",\"target\":[\"https:\/\/alpineeaglefoundation.org\/de\/neuheiten\/\"]}]},{\"@type\":\"ImageObject\",\"inLanguage\":\"de\",\"@id\":\"https:\/\/alpineeaglefoundation.org\/de\/neuheiten\/#primaryimage\",\"url\":\"https:\/\/alpineeaglefoundation.org\/wp-content\/uploads\/2021\/10\/Partners-header-v1-1.jpg\",\"contentUrl\":\"https:\/\/alpineeaglefoundation.org\/wp-content\/uploads\/2021\/10\/Partners-header-v1-1.jpg\",\"width\":1680,\"height\":685,\"caption\":\"Un lac dans une vall\u00e9e alpine encaiss\u00e9e entour\u00e9 de sapins et de monts enneig\u00e9s.\"},{\"@type\":\"BreadcrumbList\",\"@id\":\"https:\/\/alpineeaglefoundation.org\/de\/neuheiten\/#breadcrumb\",\"itemListElement\":[{\"@type\":\"ListItem\",\"position\":1,\"name\":\"Home\",\"item\":\"https:\/\/www.alpineeaglefoundation.org\/de\/\"},{\"@type\":\"ListItem\",\"position\":2,\"name\":\"Neuheiten\"}]},{\"@type\":\"WebSite\",\"@id\":\"https:\/\/3.69.228.97\/#website\",\"url\":\"https:\/\/3.69.228.97\/\",\"name\":\"Alpine Eagle Foundation\",\"description\":\"Preserve the Alps\",\"potentialAction\":[{\"@type\":\"SearchAction\",\"target\":{\"@type\":\"EntryPoint\",\"urlTemplate\":\"https:\/\/3.69.228.97\/?s={search_term_string}\"},\"query-input\":{\"@type\":\"PropertyValueSpecification\",\"valueRequired\":true,\"valueName\":\"search_term_string\"}}],\"inLanguage\":\"de\"}]}<\/script>\n<!-- \/ Yoast SEO plugin. -->","yoast_head_json":{"title":"Neuheiten - Alpine Eagle Foundation","description":"Lesen Sie auf dieser Seite, was die Presse \u00fcber die Alpine Eagle Foundation zu sagen hat, indem Sie die Artikel lesen, die wir hier zusammengestellt haben.","robots":{"index":"noindex","follow":"follow","max-snippet":"max-snippet:-1","max-image-preview":"max-image-preview:large","max-video-preview":"max-video-preview:-1"},"og_locale":"de_DE","og_type":"article","og_title":"Neuheiten - Alpine Eagle Foundation","og_description":"Lesen Sie auf dieser Seite, was die Presse \u00fcber die Alpine Eagle Foundation zu sagen hat, indem Sie die Artikel lesen, die wir hier zusammengestellt haben.","og_url":"https:\/\/alpineeaglefoundation.org\/de\/neuheiten\/","og_site_name":"Alpine Eagle Foundation","article_modified_time":"2023-04-13T14:41:02+00:00","og_image":[{"url":"http:\/\/dev.alpineeaglefoundation.org\/wp-content\/uploads\/2021\/10\/Partners-header-v1-1024x418.jpg","type":"","width":"","height":""}],"twitter_card":"summary_large_image","twitter_title":"Neuheiten - Alpine Eagle Foundation","twitter_description":"Lesen Sie auf dieser Seite, was die Presse \u00fcber die Alpine Eagle Foundation zu sagen hat, indem Sie die Artikel lesen, die wir hier zusammengestellt haben.","twitter_image":"http:\/\/dev.alpineeaglefoundation.org\/wp-content\/uploads\/2021\/10\/Partners-header-v1-1024x418.jpg","schema":{"@context":"https:\/\/schema.org","@graph":[{"@type":"WebPage","@id":"https:\/\/alpineeaglefoundation.org\/de\/neuheiten\/","url":"https:\/\/alpineeaglefoundation.org\/de\/neuheiten\/","name":"Neuheiten - Alpine Eagle Foundation","isPartOf":{"@id":"https:\/\/3.69.228.97\/#website"},"primaryImageOfPage":{"@id":"https:\/\/alpineeaglefoundation.org\/de\/neuheiten\/#primaryimage"},"image":{"@id":"https:\/\/alpineeaglefoundation.org\/de\/neuheiten\/#primaryimage"},"thumbnailUrl":"https:\/\/alpineeaglefoundation.org\/wp-content\/uploads\/2021\/10\/Partners-header-v1-1.jpg","datePublished":"2023-04-13T13:35:06+00:00","dateModified":"2023-04-13T14:41:02+00:00","description":"Lesen Sie auf dieser Seite, was die Presse \u00fcber die Alpine Eagle Foundation zu sagen hat, indem Sie die Artikel lesen, die wir hier zusammengestellt haben.","breadcrumb":{"@id":"https:\/\/alpineeaglefoundation.org\/de\/neuheiten\/#breadcrumb"},"inLanguage":"de","potentialAction":[{"@type":"ReadAction","target":["https:\/\/alpineeaglefoundation.org\/de\/neuheiten\/"]}]},{"@type":"ImageObject","inLanguage":"de","@id":"https:\/\/alpineeaglefoundation.org\/de\/neuheiten\/#primaryimage","url":"https:\/\/alpineeaglefoundation.org\/wp-content\/uploads\/2021\/10\/Partners-header-v1-1.jpg","contentUrl":"https:\/\/alpineeaglefoundation.org\/wp-content\/uploads\/2021\/10\/Partners-header-v1-1.jpg","width":1680,"height":685,"caption":"Un lac dans une vall\u00e9e alpine encaiss\u00e9e entour\u00e9 de sapins et de monts enneig\u00e9s."},{"@type":"BreadcrumbList","@id":"https:\/\/alpineeaglefoundation.org\/de\/neuheiten\/#breadcrumb","itemListElement":[{"@type":"ListItem","position":1,"name":"Home","item":"https:\/\/www.alpineeaglefoundation.org\/de\/"},{"@type":"ListItem","position":2,"name":"Neuheiten"}]},{"@type":"WebSite","@id":"https:\/\/3.69.228.97\/#website","url":"https:\/\/3.69.228.97\/","name":"Alpine Eagle Foundation","description":"Preserve the Alps","potentialAction":[{"@type":"SearchAction","target":{"@type":"EntryPoint","urlTemplate":"https:\/\/3.69.228.97\/?s={search_term_string}"},"query-input":{"@type":"PropertyValueSpecification","valueRequired":true,"valueName":"search_term_string"}}],"inLanguage":"de"}]}},"_links":{"self":[{"href":"https:\/\/alpineeaglefoundation.org\/de\/wp-json\/wp\/v2\/pages\/8084","targetHints":{"allow":["GET"]}}],"collection":[{"href":"https:\/\/alpineeaglefoundation.org\/de\/wp-json\/wp\/v2\/pages"}],"about":[{"href":"https:\/\/alpineeaglefoundation.org\/de\/wp-json\/wp\/v2\/types\/page"}],"author":[{"embeddable":true,"href":"https:\/\/alpineeaglefoundation.org\/de\/wp-json\/wp\/v2\/users\/5"}],"replies":[{"embeddable":true,"href":"https:\/\/alpineeaglefoundation.org\/de\/wp-json\/wp\/v2\/comments?post=8084"}],"version-history":[{"count":6,"href":"https:\/\/alpineeaglefoundation.org\/de\/wp-json\/wp\/v2\/pages\/8084\/revisions"}],"predecessor-version":[{"id":8150,"href":"https:\/\/alpineeaglefoundation.org\/de\/wp-json\/wp\/v2\/pages\/8084\/revisions\/8150"}],"wp:featuredmedia":[{"embeddable":true,"href":"https:\/\/alpineeaglefoundation.org\/de\/wp-json\/wp\/v2\/media\/5825"}],"wp:attachment":[{"href":"https:\/\/alpineeaglefoundation.org\/de\/wp-json\/wp\/v2\/media?parent=8084"}],"curies":[{"name":"wp","href":"https:\/\/api.w.org\/{rel}","templated":true}]}}