{"id":7044,"date":"2021-12-14T16:05:10","date_gmt":"2021-12-14T15:05:10","guid":{"rendered":"https:\/\/dev.alpineeaglefoundation.org\/politique-en-matiere-de-cookies\/"},"modified":"2023-05-11T09:43:10","modified_gmt":"2023-05-11T07:43:10","slug":"politique-en-matiere-de-cookies","status":"publish","type":"page","link":"https:\/\/alpineeaglefoundation.org\/fr\/politique-en-matiere-de-cookies\/","title":{"rendered":"Politique en mati\u00e8re de cookies"},"content":{"rendered":"\t\t<div data-elementor-type=\"wp-page\" data-elementor-id=\"7044\" class=\"elementor elementor-7044 elementor-5519\" data-elementor-post-type=\"page\">\n\t\t\t\t\t\t<section class=\"elementor-section elementor-top-section elementor-element elementor-element-31c21313 elementor-section-boxed elementor-section-height-default elementor-section-height-default\" data-id=\"31c21313\" data-element_type=\"section\" data-e-type=\"section\">\n\t\t\t\t\t\t<div class=\"elementor-container elementor-column-gap-default\">\n\t\t\t\t\t<div class=\"elementor-column elementor-col-100 elementor-top-column elementor-element elementor-element-1fab75af\" data-id=\"1fab75af\" data-element_type=\"column\" data-e-type=\"column\">\n\t\t\t<div class=\"elementor-widget-wrap elementor-element-populated\">\n\t\t\t\t\t\t<div class=\"elementor-element elementor-element-876691a elementor-widget elementor-widget-text-editor\" data-id=\"876691a\" data-element_type=\"widget\" data-e-type=\"widget\" data-widget_type=\"text-editor.default\">\n\t\t\t\t<div class=\"elementor-widget-container\">\n\t\t\t\t\t\t\t\t\t<h1 style=\"font-size: 40px;\"><strong>POLITIQUE EN MATI\u00c8RE DE COOKIES DE ALPINE EAGLE FOUNDATION<\/strong><\/h1><h4><strong>1. INTRODUCTION <\/strong><\/h4><p>La pr\u00e9sente Politique en mati\u00e8re de cookies (ci-apr\u00e8s la \u00ab <strong>Politique Cookies<\/strong>\u00bb) de la Alpine Eagle Foundation d\u00e9crit les diff\u00e9rents types de cookies utilis\u00e9s dans le cadre du site Internet d\u00e9tenu et contr\u00f4l\u00e9 par la Alpine Eagle Foundation (ci-apr\u00e8s le \u00ab <strong>Site<\/strong> \u00bb).<\/p><p>Vous avez acc\u00e8s \u00e0 la pr\u00e9sente Politique Cookies sur le Site.<\/p><p>En tant que responsable du traitement, la Alpine Eagle Foundation d\u00e9finit les moyens et les finalit\u00e9s du traitement des donn\u00e9es \u00e0 caract\u00e8re personnel d\u00e9crit dans la pr\u00e9sente Politique Cookies.<\/p><p>Le Site, en compl\u00e9ment \u00e0 la pr\u00e9sente Politique Cookies, est r\u00e9git par une Politique de confidentialit\u00e9 qui vous apportera des informations compl\u00e9mentaires sur les traitements des donn\u00e9es personnelles vous concernant.<\/p><h4><strong>2. QU&rsquo;EST CE QU&rsquo;UN COOKIE ?<\/strong><\/h4><p>Un cookie est une sorte d&rsquo;\u00e9tiquette num\u00e9rique qui garde en m\u00e9moire votre visite en ligne. Chaque site Internet, ou presque, a recours \u00e0 la technologie des cookies. Un cookie contiendra g\u00e9n\u00e9ralement le nom du domaine dont il provient, sa \u00ab dur\u00e9e de vie \u00bb, ainsi qu&rsquo;une valeur, correspondant g\u00e9n\u00e9ralement \u00e0 un num\u00e9ro unique g\u00e9n\u00e9r\u00e9 de fa\u00e7on al\u00e9atoire. Les cookies sont t\u00e9l\u00e9charg\u00e9s par votre navigateur Internet lors de votre premi\u00e8re visite d&rsquo;un site Internet. Ils participent grandement au bon fonctionnement des sites Internet, l\u2019am\u00e9liorent, le rendent plus efficace, notamment en vous reconnaissant et en se souvenant d\u2019informations susceptibles de faciliter votre utilisation du site Internet (en se souvenant de vos param\u00e8tres de pr\u00e9f\u00e9rences, par exemple).<\/p><p><strong>Cookies internes et cookies tiers<\/strong><\/p><p>Les cookies sont t\u00e9l\u00e9charg\u00e9s sur votre dispositif (par exemple votre ordinateur, votre smartphone ou votre tablette) via votre navigateur Internet lors de votre premi\u00e8re consultation du Site.<\/p><p>Lors de votre prochaine consultation du Site \u00e0 partir du m\u00eame dispositif, le cookie (ainsi que les informations qu\u2019il contient) est renvoy\u00e9 soit au site \u00e0 l\u2019origine de sa cr\u00e9ation (cookie interne) soit \u00e0 un site Internet diff\u00e9rent auquel il appartient (cookie de tiers).<\/p><p>Si vous refusez l\u2019utilisation de tous les cookies, ni les cookies internes ni les cookies tiers ne seront utilis\u00e9s. Il n\u2019existera aucune distinction entre les deux types de cookies.<\/p><p><strong>Cookies permanents et cookies de session<\/strong><\/p><p>En fonction de leur dur\u00e9e de vie, les cookies peuvent \u00eatre \u00ab permanents \u00bb ou \u00ab de session \u00bb.<\/p><p>Un cookie permanent est un cookie stock\u00e9 sur votre ordinateur jusqu\u2019\u00e0 ce qu\u2019il expire ou que vous le supprimiez.<\/p><p>Un cookie de session, quant \u00e0 lui, est supprim\u00e9 lorsque vous fermez votre navigateur.<\/p><p>En compl\u00e9ment de l\u2019acceptation des cookies lors de la consultation du Site, telle que d\u00e9crite ci-dessous, vous pouvez g\u00e9n\u00e9ralement choisir d\u2019accepter ou non les cookies en modifiant les param\u00e8tres de votre navigateur. Pour de plus amples renseignements, reportez-vous au <strong>paragraphe 4 \u00ab Comment g\u00e9rer les cookies ? \u00bb<\/strong><\/p><h4><strong>3. QUEL TYPE DE COOKIES UTILISONS-NOUS ?<\/strong><\/h4><h3><strong>Les cookies strictement n\u00e9cessaires :<\/strong><\/h3><p>Les cookies strictement n\u00e9cessaires activent des fonctionnalit\u00e9s essentielles \u00e0 la navigation sur le site Internet. Exclusivement utilis\u00e9s par la Alpine Eagle Foundation, ils sont uniquement conserv\u00e9s sur votre ordinateur pendant que vous naviguez sur le Site. Lors d\u2019un changement de page, ces cookies permettent par exemple de faciliter la redirection de pages http vers https, ce qui permet de maintenir le niveau de s\u00e9curit\u00e9 des donn\u00e9es transf\u00e9r\u00e9es. Un cookie de ce type permet en outre d\u2019enregistrer vos pr\u00e9f\u00e9rences quant \u00e0 l\u2019utilisation des cookies sur notre site.<\/p><p>Les principaux cookies que nous utilisons sont les cookies de session PHP.<\/p><h3><strong>Les cookies analytiques \/ performance : <\/strong><\/h3><p>Il s\u2019agit de cookies qui nous permettent de conna\u00eetre l&rsquo;utilisation et les performances du Site, d&rsquo;\u00e9tablir des statistiques, des volumes de fr\u00e9quentation et d&rsquo;utilisation de divers \u00e9l\u00e9ments (ex. contenus visit\u00e9s, parcours) aux fins d&rsquo;am\u00e9liorer l&rsquo;int\u00e9r\u00eat et l&rsquo;ergonomie de nos services.<\/p><p>Ces cookies analytiques sont mis en \u0153uvre par Google Analytics.<\/p><h3><strong>Les cookies tiers<\/strong><\/h3><p>Le Site inclus des applications informatiques tierces, comme Youtube qui nous permet de mettre \u00e0 disposition des vid\u00e9os sur le Site. Lorsque vous visualisez une vid\u00e9o, des cookies tiers de Youtube sont install\u00e9s. Lorsque vous interagissez avec notre formulaire de don, des cookies strictement n\u00e9cessaires sont install\u00e9s par Stripe (notre prestataire de paiement).<\/p><p>Le Site peut \u00e9galement contenir des liens de partage vers Facebook, Instagram, et autres r\u00e9seaux sociaux similaires, qui vous permettent de partager des contenus du Site avec d&rsquo;autres personnes. Lorsque vous utilisez ces boutons de partage, un cookie tiers du r\u00e9seau social concern\u00e9 est install\u00e9. Si vous \u00eates connect\u00e9s au r\u00e9seau social lors de votre navigation sur le Site, les boutons de partage permettent de relier les contenus consult\u00e9s \u00e0 votre compte utilisateur.<\/p><p>Ces cookies tiers sont r\u00e9gis par les politiques de confidentialit\u00e9 de ces fournisseurs tiers.<\/p><h4><strong>4. COMMENT G\u00c9RER LES COOKIES ?<\/strong><\/h4><h3><strong>4.1 ACCEPTER LES COOKIES LORS DE LA PREMI\u00c8RE VISITE<\/strong><\/h3><p>Lors de votre premi\u00e8re visite sur le Site, vous avez le contr\u00f4le. Vous pouvez accepter ou refuser l\u2019utilisation de cookies non essentiels \u00e0 l\u2019aide de notre outil de consentement \u00e0 l\u2019utilisation des cookies. Cependant, veuillez noter que si vous choisissez de refuser les cookies, il se peut que vous ne puissiez pas utiliser toutes les fonctionnalit\u00e9s du Site.<\/p><p>Vous avez le droit de retirer ce consentement \u00e0 tout moment et de refuser l&rsquo;utilisation des cookies non essentiels \u00e0 l\u2019aide e de notre outil de consentement \u00e0 l\u2019utilisation des cookies ou en modifiant les param\u00e8tres de votre navigateur de sorte que les cookies de cette Plateforme ne puissent pas \u00eatre plac\u00e9s sur votre ordinateur ou appareil mobile.<\/p><h3><strong>4.2 D\u00c9SACTIVER ET\/OU SUPPRIMER LES COOKIES VIA VOTRE NAVIGATEUR<\/strong><\/h3><p>Vous pouvez modifier le param\u00e9trage des cookies dans votre navigateur Internet. Les param\u00e8tres de votre navigateur en mati\u00e8re de cookies se trouvent g\u00e9n\u00e9ralement dans le menu \u00ab options \u00bb, \u00ab outils \u00bb ou \u00ab pr\u00e9f\u00e9rences \u00bb de votre navigateur Internet. Vous pouvez \u00e9galement consulter le menu \u00abaide\u00bb de votre navigateur. En fonction des navigateurs, le m\u00e9canisme de d\u00e9sactivation des cookies peut varier.<\/p><p>Voici quelques liens et informations pour de plus amples renseignements sur la fa\u00e7on dont g\u00e9rer le param\u00e9trage des cookies:<\/p><p>Explorer : <a href=\"https:\/\/support.microsoft.com\/fr-fr\/help\/17442\/windows-internet-explorer-delete-manage-cookies\">https:\/\/support.microsoft.com\/fr-fr\/help\/17442\/windows-internet-explorer-delete-manage-cookies <\/a><\/p><p>Chrome : <a href=\"https:\/\/support.google.com\/chrome\/answer\/95647?hl=fr\">https:\/\/support.google.com\/chrome\/answer\/95647?hl=fr <\/a><\/p><p>Safari : <a href=\"https:\/\/support.apple.com\/kb\/index?page=search&amp;type=organic&amp;src=support_searchbox_main&amp;locale=fr_FR&amp;q=cookie\">https:\/\/support.apple.com\/kb\/index?page=search&amp;type=organic&amp;src=support_searchbox_main&amp;locale=fr_FR&amp;q=cookie <\/a><\/p><p>Firefox : <a href=\"https:\/\/support.mozilla.org\/fr\/products\/firefox\/protect-your-privacy\/cookies\">https:\/\/support.mozilla.org\/fr\/products\/firefox\/protect-your-privacy\/cookies <\/a><\/p><p>Opera : <a href=\"http:\/\/help.opera.com\/Windows\/10.20\/fr\/cookies.html\">http:\/\/help.opera.com\/Windows\/10.20\/fr\/cookies.html <\/a><\/p><p>Si vous consultez le Site \u00e0 partir de diff\u00e9rents ordinateurs, il sera n\u00e9cessaire de r\u00e9p\u00e9ter la modification de vos param\u00e8tres.<\/p><p>Pour davantage d\u2019informations sur les cookies, y compris pour savoir quels cookies ont \u00e9t\u00e9 plac\u00e9s sur votre ordinateur ou appareil mobile, et comment les g\u00e9rer et les supprimer, rendez-vous sur <a href=\"http:\/\/www.allaboutcookies.org\">www.allaboutcookies.org<\/a>.<\/p><h3><strong>4.3 CONTR\u00d4LER LES COOKIES ANALYTIQUES, DE PARTAGE ET PUBLICITAIRES GR\u00c2CE \u00c0 UNE PLATE-FORME DE GESTION DES COOKIES<\/strong><\/h3><p>Vous trouverez plus d&rsquo;informations sur la publicit\u00e9 comportementale et sur la protection de la vie priv\u00e9e sur Internet \u00e0 cette adresse : <a href=\"http:\/\/www.youronlinechoices.com\/\">http:\/\/www.youronlinechoices.com\/<\/a> et conna\u00eetrez ainsi les entreprises inscrites qui vous offrent la possibilit\u00e9 de refuser ou d&rsquo;accepter l&rsquo;affichage de publicit\u00e9s cibl\u00e9es. Cette plateforme n&#8217;emp\u00eache n\u00e9anmoins pas le d\u00e9p\u00f4t ou la conservation des cookies qui doit \u00eatre r\u00e9alis\u00e9e selon les modalit\u00e9s indiqu\u00e9es ci-avant.<\/p><p>Attention, la prise en compte de votre souhait repose sur un cookie. Si vous supprimez tous les cookies enregistr\u00e9s dans votre terminal via votre navigateur comme indiqu\u00e9 ci-avant, nous ou nos prestataires ne saurons pas que vous avez choisi cette option.<\/p><p>__________________________________________<\/p><p>Version 1 &#8211; Novembre 2021<\/p>\t\t\t\t\t\t\t\t<\/div>\n\t\t\t\t<\/div>\n\t\t\t\t\t<\/div>\n\t\t<\/div>\n\t\t\t\t\t<\/div>\n\t\t<\/section>\n\t\t\t\t<\/div>\n\t\t","protected":false},"excerpt":{"rendered":"<p>POLITIQUE EN MATI\u00c8RE DE COOKIES DE ALPINE EAGLE FOUNDATION 1. INTRODUCTION La pr\u00e9sente Politique en mati\u00e8re de cookies (ci-apr\u00e8s la \u00ab Politique Cookies\u00bb) de la Alpine Eagle Foundation d\u00e9crit les diff\u00e9rents types de cookies utilis\u00e9s dans le cadre du site Internet d\u00e9tenu et contr\u00f4l\u00e9 par la Alpine Eagle Foundation (ci-apr\u00e8s le \u00ab Site \u00bb). Vous [&hellip;]<\/p>\n","protected":false},"author":5,"featured_media":7040,"parent":0,"menu_order":0,"comment_status":"closed","ping_status":"closed","template":"","meta":{"inline_featured_image":false,"footnotes":""},"class_list":["post-7044","page","type-page","status-publish","has-post-thumbnail","hentry"],"yoast_head":"<!-- This site is optimized with the Yoast SEO plugin v27.1.1 - https:\/\/yoast.com\/product\/yoast-seo-wordpress\/ -->\n<title>Politique en mati\u00e8re de cookies - Alpine Eagle Foundation<\/title>\n<meta name=\"description\" content=\"Cette politique de cookies de la Fondation Alpine Eagle d\u00e9crit les diff\u00e9rents types de cookies utilis\u00e9s en relation avec le site web...\" \/>\n<meta name=\"robots\" content=\"noindex, follow, max-snippet:-1, max-image-preview:large, max-video-preview:-1\" \/>\n<meta property=\"og:locale\" content=\"fr_FR\" \/>\n<meta property=\"og:type\" content=\"article\" \/>\n<meta property=\"og:title\" content=\"Politique en mati\u00e8res de Cookies - Alpine Eagle Foundation\" \/>\n<meta property=\"og:description\" content=\"La pr\u00e9sente Politique en mati\u00e8re de cookies de la Alpine Eagle Foundation d\u00e9crit les diff\u00e9rents types de cookies utilis\u00e9s dans le cadre du site Internet d\u00e9tenu et contr\u00f4l\u00e9 par la Alpine Eagle Foundation\" \/>\n<meta property=\"og:url\" content=\"https:\/\/alpineeaglefoundation.org\/fr\/politique-en-matiere-de-cookies\/\" \/>\n<meta property=\"og:site_name\" content=\"Alpine Eagle Foundation\" \/>\n<meta property=\"article:modified_time\" content=\"2023-05-11T07:43:10+00:00\" \/>\n<meta property=\"og:image\" content=\"https:\/\/alpineeaglefoundation.org\/wp-content\/uploads\/2021\/11\/alpine_eagle_foundation_dsk_stock_a.jpg\" \/>\n\t<meta property=\"og:image:width\" content=\"1920\" \/>\n\t<meta property=\"og:image:height\" content=\"783\" \/>\n\t<meta property=\"og:image:type\" content=\"image\/jpeg\" \/>\n<meta name=\"twitter:card\" content=\"summary_large_image\" \/>\n<meta name=\"twitter:title\" content=\"Politique en mati\u00e8res de Cookies - Alpine Eagle Foundation\" \/>\n<meta name=\"twitter:description\" content=\"La pr\u00e9sente Politique en mati\u00e8re de cookies de la Alpine Eagle Foundation d\u00e9crit les diff\u00e9rents types de cookies utilis\u00e9s dans le cadre du site Internet d\u00e9tenu et contr\u00f4l\u00e9 par la Alpine Eagle Foundation\" \/>\n<meta name=\"twitter:image\" content=\"https:\/\/alpineeaglefoundation.org\/wp-content\/uploads\/2021\/11\/alpine_eagle_foundation_dsk_stock_a.jpg\" \/>\n<meta name=\"twitter:label1\" content=\"Dur\u00e9e de lecture estim\u00e9e\" \/>\n\t<meta name=\"twitter:data1\" content=\"6 minutes\" \/>\n<script type=\"application\/ld+json\" class=\"yoast-schema-graph\">{\"@context\":\"https:\/\/schema.org\",\"@graph\":[{\"@type\":\"WebPage\",\"@id\":\"https:\/\/alpineeaglefoundation.org\/fr\/politique-en-matiere-de-cookies\/\",\"url\":\"https:\/\/alpineeaglefoundation.org\/fr\/politique-en-matiere-de-cookies\/\",\"name\":\"Politique en mati\u00e8re de cookies - Alpine Eagle Foundation\",\"isPartOf\":{\"@id\":\"https:\/\/3.69.228.97\/#website\"},\"primaryImageOfPage\":{\"@id\":\"https:\/\/alpineeaglefoundation.org\/fr\/politique-en-matiere-de-cookies\/#primaryimage\"},\"image\":{\"@id\":\"https:\/\/alpineeaglefoundation.org\/fr\/politique-en-matiere-de-cookies\/#primaryimage\"},\"thumbnailUrl\":\"https:\/\/alpineeaglefoundation.org\/wp-content\/uploads\/2021\/12\/dsk_stock_a.jpg\",\"datePublished\":\"2021-12-14T15:05:10+00:00\",\"dateModified\":\"2023-05-11T07:43:10+00:00\",\"description\":\"Cette politique de cookies de la Fondation Alpine Eagle d\u00e9crit les diff\u00e9rents types de cookies utilis\u00e9s en relation avec le site web...\",\"breadcrumb\":{\"@id\":\"https:\/\/alpineeaglefoundation.org\/fr\/politique-en-matiere-de-cookies\/#breadcrumb\"},\"inLanguage\":\"fr-FR\",\"potentialAction\":[{\"@type\":\"ReadAction\",\"target\":[\"https:\/\/alpineeaglefoundation.org\/fr\/politique-en-matiere-de-cookies\/\"]}]},{\"@type\":\"ImageObject\",\"inLanguage\":\"fr-FR\",\"@id\":\"https:\/\/alpineeaglefoundation.org\/fr\/politique-en-matiere-de-cookies\/#primaryimage\",\"url\":\"https:\/\/alpineeaglefoundation.org\/wp-content\/uploads\/2021\/12\/dsk_stock_a.jpg\",\"contentUrl\":\"https:\/\/alpineeaglefoundation.org\/wp-content\/uploads\/2021\/12\/dsk_stock_a.jpg\",\"width\":1920,\"height\":783,\"caption\":\"A small wooden cabin on an alpine\"},{\"@type\":\"BreadcrumbList\",\"@id\":\"https:\/\/alpineeaglefoundation.org\/fr\/politique-en-matiere-de-cookies\/#breadcrumb\",\"itemListElement\":[{\"@type\":\"ListItem\",\"position\":1,\"name\":\"Home\",\"item\":\"https:\/\/www.alpineeaglefoundation.org\/fr\/\"},{\"@type\":\"ListItem\",\"position\":2,\"name\":\"Politique en mati\u00e8re de cookies\"}]},{\"@type\":\"WebSite\",\"@id\":\"https:\/\/3.69.228.97\/#website\",\"url\":\"https:\/\/3.69.228.97\/\",\"name\":\"Alpine Eagle Foundation\",\"description\":\"Preserve the Alps\",\"potentialAction\":[{\"@type\":\"SearchAction\",\"target\":{\"@type\":\"EntryPoint\",\"urlTemplate\":\"https:\/\/3.69.228.97\/?s={search_term_string}\"},\"query-input\":{\"@type\":\"PropertyValueSpecification\",\"valueRequired\":true,\"valueName\":\"search_term_string\"}}],\"inLanguage\":\"fr-FR\"}]}<\/script>\n<!-- \/ Yoast SEO plugin. -->","yoast_head_json":{"title":"Politique en mati\u00e8re de cookies - Alpine Eagle Foundation","description":"Cette politique de cookies de la Fondation Alpine Eagle d\u00e9crit les diff\u00e9rents types de cookies utilis\u00e9s en relation avec le site web...","robots":{"index":"noindex","follow":"follow","max-snippet":"max-snippet:-1","max-image-preview":"max-image-preview:large","max-video-preview":"max-video-preview:-1"},"og_locale":"fr_FR","og_type":"article","og_title":"Politique en mati\u00e8res de Cookies - Alpine Eagle Foundation","og_description":"La pr\u00e9sente Politique en mati\u00e8re de cookies de la Alpine Eagle Foundation d\u00e9crit les diff\u00e9rents types de cookies utilis\u00e9s dans le cadre du site Internet d\u00e9tenu et contr\u00f4l\u00e9 par la Alpine Eagle Foundation","og_url":"https:\/\/alpineeaglefoundation.org\/fr\/politique-en-matiere-de-cookies\/","og_site_name":"Alpine Eagle Foundation","article_modified_time":"2023-05-11T07:43:10+00:00","og_image":[{"width":1920,"height":783,"url":"https:\/\/alpineeaglefoundation.org\/wp-content\/uploads\/2021\/11\/alpine_eagle_foundation_dsk_stock_a.jpg","type":"image\/jpeg"}],"twitter_card":"summary_large_image","twitter_title":"Politique en mati\u00e8res de Cookies - Alpine Eagle Foundation","twitter_description":"La pr\u00e9sente Politique en mati\u00e8re de cookies de la Alpine Eagle Foundation d\u00e9crit les diff\u00e9rents types de cookies utilis\u00e9s dans le cadre du site Internet d\u00e9tenu et contr\u00f4l\u00e9 par la Alpine Eagle Foundation","twitter_image":"https:\/\/alpineeaglefoundation.org\/wp-content\/uploads\/2021\/11\/alpine_eagle_foundation_dsk_stock_a.jpg","twitter_misc":{"Dur\u00e9e de lecture estim\u00e9e":"6 minutes"},"schema":{"@context":"https:\/\/schema.org","@graph":[{"@type":"WebPage","@id":"https:\/\/alpineeaglefoundation.org\/fr\/politique-en-matiere-de-cookies\/","url":"https:\/\/alpineeaglefoundation.org\/fr\/politique-en-matiere-de-cookies\/","name":"Politique en mati\u00e8re de cookies - Alpine Eagle Foundation","isPartOf":{"@id":"https:\/\/3.69.228.97\/#website"},"primaryImageOfPage":{"@id":"https:\/\/alpineeaglefoundation.org\/fr\/politique-en-matiere-de-cookies\/#primaryimage"},"image":{"@id":"https:\/\/alpineeaglefoundation.org\/fr\/politique-en-matiere-de-cookies\/#primaryimage"},"thumbnailUrl":"https:\/\/alpineeaglefoundation.org\/wp-content\/uploads\/2021\/12\/dsk_stock_a.jpg","datePublished":"2021-12-14T15:05:10+00:00","dateModified":"2023-05-11T07:43:10+00:00","description":"Cette politique de cookies de la Fondation Alpine Eagle d\u00e9crit les diff\u00e9rents types de cookies utilis\u00e9s en relation avec le site web...","breadcrumb":{"@id":"https:\/\/alpineeaglefoundation.org\/fr\/politique-en-matiere-de-cookies\/#breadcrumb"},"inLanguage":"fr-FR","potentialAction":[{"@type":"ReadAction","target":["https:\/\/alpineeaglefoundation.org\/fr\/politique-en-matiere-de-cookies\/"]}]},{"@type":"ImageObject","inLanguage":"fr-FR","@id":"https:\/\/alpineeaglefoundation.org\/fr\/politique-en-matiere-de-cookies\/#primaryimage","url":"https:\/\/alpineeaglefoundation.org\/wp-content\/uploads\/2021\/12\/dsk_stock_a.jpg","contentUrl":"https:\/\/alpineeaglefoundation.org\/wp-content\/uploads\/2021\/12\/dsk_stock_a.jpg","width":1920,"height":783,"caption":"A small wooden cabin on an alpine"},{"@type":"BreadcrumbList","@id":"https:\/\/alpineeaglefoundation.org\/fr\/politique-en-matiere-de-cookies\/#breadcrumb","itemListElement":[{"@type":"ListItem","position":1,"name":"Home","item":"https:\/\/www.alpineeaglefoundation.org\/fr\/"},{"@type":"ListItem","position":2,"name":"Politique en mati\u00e8re de cookies"}]},{"@type":"WebSite","@id":"https:\/\/3.69.228.97\/#website","url":"https:\/\/3.69.228.97\/","name":"Alpine Eagle Foundation","description":"Preserve the Alps","potentialAction":[{"@type":"SearchAction","target":{"@type":"EntryPoint","urlTemplate":"https:\/\/3.69.228.97\/?s={search_term_string}"},"query-input":{"@type":"PropertyValueSpecification","valueRequired":true,"valueName":"search_term_string"}}],"inLanguage":"fr-FR"}]}},"_links":{"self":[{"href":"https:\/\/alpineeaglefoundation.org\/fr\/wp-json\/wp\/v2\/pages\/7044","targetHints":{"allow":["GET"]}}],"collection":[{"href":"https:\/\/alpineeaglefoundation.org\/fr\/wp-json\/wp\/v2\/pages"}],"about":[{"href":"https:\/\/alpineeaglefoundation.org\/fr\/wp-json\/wp\/v2\/types\/page"}],"author":[{"embeddable":true,"href":"https:\/\/alpineeaglefoundation.org\/fr\/wp-json\/wp\/v2\/users\/5"}],"replies":[{"embeddable":true,"href":"https:\/\/alpineeaglefoundation.org\/fr\/wp-json\/wp\/v2\/comments?post=7044"}],"version-history":[{"count":11,"href":"https:\/\/alpineeaglefoundation.org\/fr\/wp-json\/wp\/v2\/pages\/7044\/revisions"}],"predecessor-version":[{"id":8329,"href":"https:\/\/alpineeaglefoundation.org\/fr\/wp-json\/wp\/v2\/pages\/7044\/revisions\/8329"}],"wp:featuredmedia":[{"embeddable":true,"href":"https:\/\/alpineeaglefoundation.org\/fr\/wp-json\/wp\/v2\/media\/7040"}],"wp:attachment":[{"href":"https:\/\/alpineeaglefoundation.org\/fr\/wp-json\/wp\/v2\/media?parent=7044"}],"curies":[{"name":"wp","href":"https:\/\/api.w.org\/{rel}","templated":true}]}}