{"id":7995,"date":"2023-01-17T15:46:20","date_gmt":"2023-01-17T14:46:20","guid":{"rendered":"https:\/\/dev.alpineeaglefoundation.org\/?page_id=7995"},"modified":"2023-04-13T16:46:48","modified_gmt":"2023-04-13T14:46:48","slug":"actualites","status":"publish","type":"page","link":"https:\/\/alpineeaglefoundation.org\/fr\/actualites\/","title":{"rendered":"Actualit\u00e9s"},"content":{"rendered":"\t\t<div data-elementor-type=\"wp-page\" data-elementor-id=\"7995\" class=\"elementor elementor-7995 elementor-7948\" data-elementor-post-type=\"page\">\n\t\t\t\t\t\t<section class=\"elementor-section elementor-top-section elementor-element elementor-element-9ad514f elementor-section-full_width elementor-section-stretched elementor-section-height-default elementor-section-height-default\" data-id=\"9ad514f\" data-element_type=\"section\" data-e-type=\"section\" data-settings=\"{&quot;stretch_section&quot;:&quot;section-stretched&quot;}\">\n\t\t\t\t\t\t<div class=\"elementor-container elementor-column-gap-default\">\n\t\t\t\t\t<div class=\"elementor-column elementor-col-100 elementor-top-column elementor-element elementor-element-6b23306 elementor-hidden-desktop elementor-hidden-tablet\" data-id=\"6b23306\" data-element_type=\"column\" data-e-type=\"column\" data-settings=\"{&quot;background_background&quot;:&quot;classic&quot;}\">\n\t\t\t<div class=\"elementor-widget-wrap elementor-element-populated\">\n\t\t\t\t\t\t<div class=\"elementor-element elementor-element-63a7421 elementor-widget elementor-widget-image\" data-id=\"63a7421\" data-element_type=\"widget\" data-e-type=\"widget\" data-widget_type=\"image.default\">\n\t\t\t\t<div class=\"elementor-widget-container\">\n\t\t\t\t\t\t\t\t\t\t\t\t\t\t\t<img fetchpriority=\"high\" decoding=\"async\" width=\"1024\" height=\"929\" src=\"https:\/\/alpineeaglefoundation.org\/wp-content\/uploads\/2023\/01\/AEF-Newsroom-mob-1024x929.jpg\" class=\"attachment-large size-large wp-image-7957\" alt=\"Un lac dans une vall\u00e9e alpine encaiss\u00e9e entour\u00e9 de sapins et de monts enneig\u00e9s.\" srcset=\"https:\/\/alpineeaglefoundation.org\/wp-content\/uploads\/2023\/01\/AEF-Newsroom-mob-1024x929.jpg 1024w, https:\/\/alpineeaglefoundation.org\/wp-content\/uploads\/2023\/01\/AEF-Newsroom-mob-300x272.jpg 300w, https:\/\/alpineeaglefoundation.org\/wp-content\/uploads\/2023\/01\/AEF-Newsroom-mob-768x697.jpg 768w, https:\/\/alpineeaglefoundation.org\/wp-content\/uploads\/2023\/01\/AEF-Newsroom-mob-600x544.jpg 600w, https:\/\/alpineeaglefoundation.org\/wp-content\/uploads\/2023\/01\/AEF-Newsroom-mob.jpg 1080w\" sizes=\"(max-width: 1024px) 100vw, 1024px\" \/>\t\t\t\t\t\t\t\t\t\t\t\t\t\t\t<\/div>\n\t\t\t\t<\/div>\n\t\t\t\t\t<\/div>\n\t\t<\/div>\n\t\t\t\t\t<\/div>\n\t\t<\/section>\n\t\t\t\t<section class=\"elementor-section elementor-top-section elementor-element elementor-element-e63744f elementor-section-boxed elementor-section-height-default elementor-section-height-default\" data-id=\"e63744f\" data-element_type=\"section\" data-e-type=\"section\">\n\t\t\t\t\t\t<div class=\"elementor-container elementor-column-gap-default\">\n\t\t\t\t\t<div class=\"elementor-column elementor-col-100 elementor-top-column elementor-element elementor-element-96dc805\" data-id=\"96dc805\" data-element_type=\"column\" data-e-type=\"column\">\n\t\t\t<div class=\"elementor-widget-wrap elementor-element-populated\">\n\t\t\t\t\t\t<div class=\"elementor-element elementor-element-2b555e9 elementor-hidden-desktop elementor-hidden-tablet elementor-widget elementor-widget-wildworld_heading\" data-id=\"2b555e9\" data-element_type=\"widget\" data-e-type=\"widget\" data-widget_type=\"wildworld_heading.default\">\n\t\t\t\t<div class=\"elementor-widget-container\">\n\t\t\t\t\t\n        <div class=\"wildworld_heading_widget\">\n                            <h1 class=\"wildworld_heading\">\n\n                                             <span>Actualit\u00e9s<\/span>\n                                        <\/h1>\n                        <\/div>\n        \t\t\t\t<\/div>\n\t\t\t\t<\/div>\n\t\t\t\t\t<\/div>\n\t\t<\/div>\n\t\t\t\t\t<\/div>\n\t\t<\/section>\n\t\t\t\t<section class=\"elementor-section elementor-top-section elementor-element elementor-element-4584ebe elementor-section-boxed elementor-section-height-default elementor-section-height-default\" data-id=\"4584ebe\" data-element_type=\"section\" data-e-type=\"section\">\n\t\t\t\t\t\t<div class=\"elementor-container elementor-column-gap-default\">\n\t\t\t\t\t<div class=\"elementor-column elementor-col-100 elementor-top-column elementor-element elementor-element-d1789ab\" data-id=\"d1789ab\" data-element_type=\"column\" data-e-type=\"column\">\n\t\t\t<div class=\"elementor-widget-wrap elementor-element-populated\">\n\t\t\t\t\t\t<div class=\"elementor-element elementor-element-b187b4f elementor-hidden-desktop elementor-hidden-tablet elementor-widget elementor-widget-wildworld_heading\" data-id=\"b187b4f\" data-element_type=\"widget\" data-e-type=\"widget\" data-widget_type=\"wildworld_heading.default\">\n\t\t\t\t<div class=\"elementor-widget-container\">\n\t\t\t\t\t\n        <div class=\"wildworld_heading_widget\">\n                                <div class=\"wildworld_up_heading\">\n                                                    <div class=\"wildworld_up_heading_marker wildworld_marker_left\"><\/div>\n                                                <\/div>\n                                    <h3 class=\"wildworld_heading\">\n\n                     <span><\/span>                <\/h3>\n                        <\/div>\n        \t\t\t\t<\/div>\n\t\t\t\t<\/div>\n\t\t\t\t\t<\/div>\n\t\t<\/div>\n\t\t\t\t\t<\/div>\n\t\t<\/section>\n\t\t\t\t<section class=\"elementor-section elementor-top-section elementor-element elementor-element-62c58c69 elementor-section-boxed elementor-section-height-default elementor-section-height-default\" data-id=\"62c58c69\" data-element_type=\"section\" data-e-type=\"section\">\n\t\t\t\t\t\t<div class=\"elementor-container elementor-column-gap-no\">\n\t\t\t\t\t<div class=\"elementor-column elementor-col-33 elementor-top-column elementor-element elementor-element-389db7e8\" data-id=\"389db7e8\" data-element_type=\"column\" data-e-type=\"column\">\n\t\t\t<div class=\"elementor-widget-wrap\">\n\t\t\t\t\t\t\t<\/div>\n\t\t<\/div>\n\t\t\t\t<div class=\"elementor-column elementor-col-33 elementor-top-column elementor-element elementor-element-38e80e4\" data-id=\"38e80e4\" data-element_type=\"column\" data-e-type=\"column\">\n\t\t\t<div class=\"elementor-widget-wrap elementor-element-populated\">\n\t\t\t\t\t\t<div class=\"elementor-element elementor-element-755b3259 elementor-widget elementor-widget-wildworld_heading\" data-id=\"755b3259\" data-element_type=\"widget\" data-e-type=\"widget\" data-widget_type=\"wildworld_heading.default\">\n\t\t\t\t<div class=\"elementor-widget-container\">\n\t\t\t\t\t\n        <div class=\"wildworld_heading_widget\">\n                                <div class=\"wildworld_up_heading\">\n                        Ils parlent de nous                    <\/div>\n                                    <h3 class=\"wildworld_heading\">\n\n                    D\u00e9couvrez la Fondation Alpine <span>Eagle dans la presse<\/span>                <\/h3>\n                        <\/div>\n        \t\t\t\t<\/div>\n\t\t\t\t<\/div>\n\t\t\t\t\t<\/div>\n\t\t<\/div>\n\t\t\t\t<div class=\"elementor-column elementor-col-33 elementor-top-column elementor-element elementor-element-5178930a\" data-id=\"5178930a\" data-element_type=\"column\" data-e-type=\"column\">\n\t\t\t<div class=\"elementor-widget-wrap\">\n\t\t\t\t\t\t\t<\/div>\n\t\t<\/div>\n\t\t\t\t\t<\/div>\n\t\t<\/section>\n\t\t\t\t<section class=\"elementor-section elementor-top-section elementor-element elementor-element-9c575fe elementor-section-boxed elementor-section-height-default elementor-section-height-default\" data-id=\"9c575fe\" data-element_type=\"section\" data-e-type=\"section\">\n\t\t\t\t\t\t<div class=\"elementor-container elementor-column-gap-default\">\n\t\t\t\t\t<div class=\"elementor-column elementor-col-33 elementor-top-column elementor-element elementor-element-92d9222 elementor-invisible\" data-id=\"92d9222\" data-element_type=\"column\" data-e-type=\"column\" data-settings=\"{&quot;animation&quot;:&quot;fadeIn&quot;}\">\n\t\t\t<div class=\"elementor-widget-wrap elementor-element-populated\">\n\t\t\t\t\t\t<div class=\"elementor-element elementor-element-6a90f44 elementor-widget elementor-widget-image\" data-id=\"6a90f44\" data-element_type=\"widget\" data-e-type=\"widget\" data-widget_type=\"image.default\">\n\t\t\t\t<div class=\"elementor-widget-container\">\n\t\t\t\t\t\t\t\t\t\t\t\t\t\t\t\t<a href=\"http:\/\/dev.alpineeaglefoundation.org\/wp-content\/uploads\/2023\/04\/CP-naissances-23-AEF.pdf\" target=\"_blank\">\n\t\t\t\t\t\t\t<img decoding=\"async\" width=\"650\" height=\"850\" src=\"https:\/\/alpineeaglefoundation.org\/wp-content\/uploads\/2023\/04\/Article-blog-aiglons-tinified.jpg\" class=\"attachment-full size-full wp-image-8121\" alt=\"Un jeune aiglon gris dans son nid constitu\u00e9 de branches, \u00e0 c\u00f4t\u00e9 d&#039;un oeuf blanc.\" srcset=\"https:\/\/alpineeaglefoundation.org\/wp-content\/uploads\/2023\/04\/Article-blog-aiglons-tinified.jpg 650w, https:\/\/alpineeaglefoundation.org\/wp-content\/uploads\/2023\/04\/Article-blog-aiglons-tinified-229x300.jpg 229w, https:\/\/alpineeaglefoundation.org\/wp-content\/uploads\/2023\/04\/Article-blog-aiglons-tinified-600x785.jpg 600w\" sizes=\"(max-width: 650px) 100vw, 650px\" \/>\t\t\t\t\t\t\t\t<\/a>\n\t\t\t\t\t\t\t\t\t\t\t\t\t\t\t<\/div>\n\t\t\t\t<\/div>\n\t\t\t\t<div class=\"elementor-element elementor-element-c878d39 elementor-widget elementor-widget-wildworld_heading\" data-id=\"c878d39\" data-element_type=\"widget\" data-e-type=\"widget\" data-widget_type=\"wildworld_heading.default\">\n\t\t\t\t<div class=\"elementor-widget-container\">\n\t\t\t\t\t\n        <div class=\"wildworld_heading_widget\">\n                            <h4 class=\"wildworld_heading\">\n\n                                             <span>Premi\u00e8re naissance 2023<\/span>\n                                        <\/h4>\n                        <\/div>\n        \t\t\t\t<\/div>\n\t\t\t\t<\/div>\n\t\t\t\t\t<\/div>\n\t\t<\/div>\n\t\t\t\t<div class=\"elementor-column elementor-col-33 elementor-top-column elementor-element elementor-element-bc12c15 elementor-invisible\" data-id=\"bc12c15\" data-element_type=\"column\" data-e-type=\"column\" data-settings=\"{&quot;animation&quot;:&quot;fadeIn&quot;,&quot;animation_delay&quot;:200}\">\n\t\t\t<div class=\"elementor-widget-wrap elementor-element-populated\">\n\t\t\t\t\t\t<div class=\"elementor-element elementor-element-2de745b elementor-widget elementor-widget-image\" data-id=\"2de745b\" data-element_type=\"widget\" data-e-type=\"widget\" data-widget_type=\"image.default\">\n\t\t\t\t<div class=\"elementor-widget-container\">\n\t\t\t\t\t\t\t\t\t\t\t\t\t\t\t\t<a href=\"https:\/\/www.rts.ch\/info\/regions\/13758680-le-pygargue-plus-grand-aigle-deurope-de-retour-en-suisse-romande.html\" target=\"_blank\">\n\t\t\t\t\t\t\t<img decoding=\"async\" width=\"650\" height=\"850\" src=\"https:\/\/alpineeaglefoundation.org\/wp-content\/uploads\/2023\/02\/RTS.png\" class=\"attachment-full size-full wp-image-8089\" alt=\"Un aigle royal pos\u00e9 sur un rocher avec des vall\u00e9es montagneuses et un ciel l\u00e9g\u00e8rement ombrag\u00e9 derri\u00e8re lui.\" srcset=\"https:\/\/alpineeaglefoundation.org\/wp-content\/uploads\/2023\/02\/RTS.png 650w, https:\/\/alpineeaglefoundation.org\/wp-content\/uploads\/2023\/02\/RTS-229x300.png 229w, https:\/\/alpineeaglefoundation.org\/wp-content\/uploads\/2023\/02\/RTS-600x785.png 600w\" sizes=\"(max-width: 650px) 100vw, 650px\" \/>\t\t\t\t\t\t\t\t<\/a>\n\t\t\t\t\t\t\t\t\t\t\t\t\t\t\t<\/div>\n\t\t\t\t<\/div>\n\t\t\t\t<div class=\"elementor-element elementor-element-a27f248 elementor-widget elementor-widget-wildworld_heading\" data-id=\"a27f248\" data-element_type=\"widget\" data-e-type=\"widget\" data-widget_type=\"wildworld_heading.default\">\n\t\t\t\t<div class=\"elementor-widget-container\">\n\t\t\t\t\t\n        <div class=\"wildworld_heading_widget\">\n                            <h4 class=\"wildworld_heading\">\n\n                                             <span>R\u00e9introduction du Pygargue \u00e0 queue blanche - rts.ch<\/span>\n                                        <\/h4>\n                        <\/div>\n        \t\t\t\t<\/div>\n\t\t\t\t<\/div>\n\t\t\t\t\t<\/div>\n\t\t<\/div>\n\t\t\t\t<div class=\"elementor-column elementor-col-33 elementor-top-column elementor-element elementor-element-dc5bd30 elementor-invisible\" data-id=\"dc5bd30\" data-element_type=\"column\" data-e-type=\"column\" data-settings=\"{&quot;animation&quot;:&quot;fadeIn&quot;,&quot;animation_delay&quot;:400}\">\n\t\t\t<div class=\"elementor-widget-wrap elementor-element-populated\">\n\t\t\t\t\t\t<div class=\"elementor-element elementor-element-7c2d9f7 elementor-widget elementor-widget-image\" data-id=\"7c2d9f7\" data-element_type=\"widget\" data-e-type=\"widget\" data-widget_type=\"image.default\">\n\t\t\t\t<div class=\"elementor-widget-container\">\n\t\t\t\t\t\t\t\t\t\t\t\t\t\t\t\t<a href=\"http:\/\/dev.alpineeaglefoundation.org\/wp-content\/uploads\/2023\/01\/ECHO-Aout-2022-Grand-reportage-Aigles.pdf\" target=\"_blank\">\n\t\t\t\t\t\t\t<img loading=\"lazy\" decoding=\"async\" width=\"651\" height=\"850\" src=\"https:\/\/alpineeaglefoundation.org\/wp-content\/uploads\/2023\/01\/AEF-FR-Article1.jpg\" class=\"attachment-full size-full wp-image-7954\" alt=\"\" srcset=\"https:\/\/alpineeaglefoundation.org\/wp-content\/uploads\/2023\/01\/AEF-FR-Article1.jpg 651w, https:\/\/alpineeaglefoundation.org\/wp-content\/uploads\/2023\/01\/AEF-FR-Article1-230x300.jpg 230w, https:\/\/alpineeaglefoundation.org\/wp-content\/uploads\/2023\/01\/AEF-FR-Article1-600x783.jpg 600w\" sizes=\"(max-width: 651px) 100vw, 651px\" \/>\t\t\t\t\t\t\t\t<\/a>\n\t\t\t\t\t\t\t\t\t\t\t\t\t\t\t<\/div>\n\t\t\t\t<\/div>\n\t\t\t\t<div class=\"elementor-element elementor-element-06e2060 elementor-widget elementor-widget-wildworld_heading\" data-id=\"06e2060\" data-element_type=\"widget\" data-e-type=\"widget\" data-widget_type=\"wildworld_heading.default\">\n\t\t\t\t<div class=\"elementor-widget-container\">\n\t\t\t\t\t\n        <div class=\"wildworld_heading_widget\">\n                            <h4 class=\"wildworld_heading\">\n\n                                             <span>Le retour de l'aigle pygargue<\/span>\n                                        <\/h4>\n                        <\/div>\n        \t\t\t\t<\/div>\n\t\t\t\t<\/div>\n\t\t\t\t\t<\/div>\n\t\t<\/div>\n\t\t\t\t\t<\/div>\n\t\t<\/section>\n\t\t\t\t<\/div>\n\t\t","protected":false},"excerpt":{"rendered":"","protected":false},"author":5,"featured_media":5824,"parent":0,"menu_order":0,"comment_status":"closed","ping_status":"closed","template":"","meta":{"inline_featured_image":false,"footnotes":""},"class_list":["post-7995","page","type-page","status-publish","has-post-thumbnail","hentry"],"yoast_head":"<!-- This site is optimized with the Yoast SEO plugin v27.1.1 - https:\/\/yoast.com\/product\/yoast-seo-wordpress\/ -->\n<title>Actualit\u00e9s - Alpine Eagle Foundation<\/title>\n<meta name=\"description\" content=\"D\u00e9couvrez ce que la presse a \u00e0 dire sur la Fondation Alpine Eagle sur cette page en lisant les articles que nous avons rassembl\u00e9s ici.\" \/>\n<meta name=\"robots\" content=\"noindex, follow, max-snippet:-1, max-image-preview:large, max-video-preview:-1\" \/>\n<meta property=\"og:locale\" content=\"fr_FR\" \/>\n<meta property=\"og:type\" content=\"article\" \/>\n<meta property=\"og:title\" content=\"Actualit\u00e9s - Alpine Eagle Foundation\" \/>\n<meta property=\"og:description\" content=\"D\u00e9couvrez ce que la presse a \u00e0 dire sur la Fondation Alpine Eagle sur cette page en lisant les articles que nous avons rassembl\u00e9s sur cette page.\" \/>\n<meta property=\"og:url\" content=\"https:\/\/alpineeaglefoundation.org\/fr\/actualites\/\" \/>\n<meta property=\"og:site_name\" content=\"Alpine Eagle Foundation\" \/>\n<meta property=\"article:modified_time\" content=\"2023-04-13T14:46:48+00:00\" \/>\n<meta property=\"og:image\" content=\"http:\/\/dev.alpineeaglefoundation.org\/wp-content\/uploads\/2021\/10\/Partners-header-v1-1024x418.jpg\" \/>\n<meta name=\"twitter:card\" content=\"summary_large_image\" \/>\n<meta name=\"twitter:title\" content=\"Actualit\u00e9s - Alpine Eagle Foundation\" \/>\n<meta name=\"twitter:description\" content=\"D\u00e9couvrez ce que la presse a \u00e0 dire sur la Fondation Alpine Eagle sur cette page en lisant les articles que nous avons rassembl\u00e9s sur cette page.\" \/>\n<meta name=\"twitter:image\" content=\"http:\/\/dev.alpineeaglefoundation.org\/wp-content\/uploads\/2021\/10\/Partners-header-v1-1024x418.jpg\" \/>\n<meta name=\"twitter:label1\" content=\"Dur\u00e9e de lecture estim\u00e9e\" \/>\n\t<meta name=\"twitter:data1\" content=\"1 minute\" \/>\n<script type=\"application\/ld+json\" class=\"yoast-schema-graph\">{\"@context\":\"https:\/\/schema.org\",\"@graph\":[{\"@type\":\"WebPage\",\"@id\":\"https:\/\/alpineeaglefoundation.org\/fr\/actualites\/\",\"url\":\"https:\/\/alpineeaglefoundation.org\/fr\/actualites\/\",\"name\":\"Actualit\u00e9s - Alpine Eagle Foundation\",\"isPartOf\":{\"@id\":\"https:\/\/3.69.228.97\/#website\"},\"primaryImageOfPage\":{\"@id\":\"https:\/\/alpineeaglefoundation.org\/fr\/actualites\/#primaryimage\"},\"image\":{\"@id\":\"https:\/\/alpineeaglefoundation.org\/fr\/actualites\/#primaryimage\"},\"thumbnailUrl\":\"https:\/\/alpineeaglefoundation.org\/wp-content\/uploads\/2021\/10\/Partners-header-v1-1.jpg\",\"datePublished\":\"2023-01-17T14:46:20+00:00\",\"dateModified\":\"2023-04-13T14:46:48+00:00\",\"description\":\"D\u00e9couvrez ce que la presse a \u00e0 dire sur la Fondation Alpine Eagle sur cette page en lisant les articles que nous avons rassembl\u00e9s ici.\",\"breadcrumb\":{\"@id\":\"https:\/\/alpineeaglefoundation.org\/fr\/actualites\/#breadcrumb\"},\"inLanguage\":\"fr-FR\",\"potentialAction\":[{\"@type\":\"ReadAction\",\"target\":[\"https:\/\/alpineeaglefoundation.org\/fr\/actualites\/\"]}]},{\"@type\":\"ImageObject\",\"inLanguage\":\"fr-FR\",\"@id\":\"https:\/\/alpineeaglefoundation.org\/fr\/actualites\/#primaryimage\",\"url\":\"https:\/\/alpineeaglefoundation.org\/wp-content\/uploads\/2021\/10\/Partners-header-v1-1.jpg\",\"contentUrl\":\"https:\/\/alpineeaglefoundation.org\/wp-content\/uploads\/2021\/10\/Partners-header-v1-1.jpg\",\"width\":1680,\"height\":685,\"caption\":\"Un lac dans une vall\u00e9e alpine encaiss\u00e9e entour\u00e9 de sapins et de monts enneig\u00e9s.\"},{\"@type\":\"BreadcrumbList\",\"@id\":\"https:\/\/alpineeaglefoundation.org\/fr\/actualites\/#breadcrumb\",\"itemListElement\":[{\"@type\":\"ListItem\",\"position\":1,\"name\":\"Home\",\"item\":\"https:\/\/www.alpineeaglefoundation.org\/fr\/\"},{\"@type\":\"ListItem\",\"position\":2,\"name\":\"Actualit\u00e9s\"}]},{\"@type\":\"WebSite\",\"@id\":\"https:\/\/3.69.228.97\/#website\",\"url\":\"https:\/\/3.69.228.97\/\",\"name\":\"Alpine Eagle Foundation\",\"description\":\"Preserve the Alps\",\"potentialAction\":[{\"@type\":\"SearchAction\",\"target\":{\"@type\":\"EntryPoint\",\"urlTemplate\":\"https:\/\/3.69.228.97\/?s={search_term_string}\"},\"query-input\":{\"@type\":\"PropertyValueSpecification\",\"valueRequired\":true,\"valueName\":\"search_term_string\"}}],\"inLanguage\":\"fr-FR\"}]}<\/script>\n<!-- \/ Yoast SEO plugin. -->","yoast_head_json":{"title":"Actualit\u00e9s - Alpine Eagle Foundation","description":"D\u00e9couvrez ce que la presse a \u00e0 dire sur la Fondation Alpine Eagle sur cette page en lisant les articles que nous avons rassembl\u00e9s ici.","robots":{"index":"noindex","follow":"follow","max-snippet":"max-snippet:-1","max-image-preview":"max-image-preview:large","max-video-preview":"max-video-preview:-1"},"og_locale":"fr_FR","og_type":"article","og_title":"Actualit\u00e9s - Alpine Eagle Foundation","og_description":"D\u00e9couvrez ce que la presse a \u00e0 dire sur la Fondation Alpine Eagle sur cette page en lisant les articles que nous avons rassembl\u00e9s sur cette page.","og_url":"https:\/\/alpineeaglefoundation.org\/fr\/actualites\/","og_site_name":"Alpine Eagle Foundation","article_modified_time":"2023-04-13T14:46:48+00:00","og_image":[{"url":"http:\/\/dev.alpineeaglefoundation.org\/wp-content\/uploads\/2021\/10\/Partners-header-v1-1024x418.jpg","type":"","width":"","height":""}],"twitter_card":"summary_large_image","twitter_title":"Actualit\u00e9s - Alpine Eagle Foundation","twitter_description":"D\u00e9couvrez ce que la presse a \u00e0 dire sur la Fondation Alpine Eagle sur cette page en lisant les articles que nous avons rassembl\u00e9s sur cette page.","twitter_image":"http:\/\/dev.alpineeaglefoundation.org\/wp-content\/uploads\/2021\/10\/Partners-header-v1-1024x418.jpg","twitter_misc":{"Dur\u00e9e de lecture estim\u00e9e":"1 minute"},"schema":{"@context":"https:\/\/schema.org","@graph":[{"@type":"WebPage","@id":"https:\/\/alpineeaglefoundation.org\/fr\/actualites\/","url":"https:\/\/alpineeaglefoundation.org\/fr\/actualites\/","name":"Actualit\u00e9s - Alpine Eagle Foundation","isPartOf":{"@id":"https:\/\/3.69.228.97\/#website"},"primaryImageOfPage":{"@id":"https:\/\/alpineeaglefoundation.org\/fr\/actualites\/#primaryimage"},"image":{"@id":"https:\/\/alpineeaglefoundation.org\/fr\/actualites\/#primaryimage"},"thumbnailUrl":"https:\/\/alpineeaglefoundation.org\/wp-content\/uploads\/2021\/10\/Partners-header-v1-1.jpg","datePublished":"2023-01-17T14:46:20+00:00","dateModified":"2023-04-13T14:46:48+00:00","description":"D\u00e9couvrez ce que la presse a \u00e0 dire sur la Fondation Alpine Eagle sur cette page en lisant les articles que nous avons rassembl\u00e9s ici.","breadcrumb":{"@id":"https:\/\/alpineeaglefoundation.org\/fr\/actualites\/#breadcrumb"},"inLanguage":"fr-FR","potentialAction":[{"@type":"ReadAction","target":["https:\/\/alpineeaglefoundation.org\/fr\/actualites\/"]}]},{"@type":"ImageObject","inLanguage":"fr-FR","@id":"https:\/\/alpineeaglefoundation.org\/fr\/actualites\/#primaryimage","url":"https:\/\/alpineeaglefoundation.org\/wp-content\/uploads\/2021\/10\/Partners-header-v1-1.jpg","contentUrl":"https:\/\/alpineeaglefoundation.org\/wp-content\/uploads\/2021\/10\/Partners-header-v1-1.jpg","width":1680,"height":685,"caption":"Un lac dans une vall\u00e9e alpine encaiss\u00e9e entour\u00e9 de sapins et de monts enneig\u00e9s."},{"@type":"BreadcrumbList","@id":"https:\/\/alpineeaglefoundation.org\/fr\/actualites\/#breadcrumb","itemListElement":[{"@type":"ListItem","position":1,"name":"Home","item":"https:\/\/www.alpineeaglefoundation.org\/fr\/"},{"@type":"ListItem","position":2,"name":"Actualit\u00e9s"}]},{"@type":"WebSite","@id":"https:\/\/3.69.228.97\/#website","url":"https:\/\/3.69.228.97\/","name":"Alpine Eagle Foundation","description":"Preserve the Alps","potentialAction":[{"@type":"SearchAction","target":{"@type":"EntryPoint","urlTemplate":"https:\/\/3.69.228.97\/?s={search_term_string}"},"query-input":{"@type":"PropertyValueSpecification","valueRequired":true,"valueName":"search_term_string"}}],"inLanguage":"fr-FR"}]}},"_links":{"self":[{"href":"https:\/\/alpineeaglefoundation.org\/fr\/wp-json\/wp\/v2\/pages\/7995","targetHints":{"allow":["GET"]}}],"collection":[{"href":"https:\/\/alpineeaglefoundation.org\/fr\/wp-json\/wp\/v2\/pages"}],"about":[{"href":"https:\/\/alpineeaglefoundation.org\/fr\/wp-json\/wp\/v2\/types\/page"}],"author":[{"embeddable":true,"href":"https:\/\/alpineeaglefoundation.org\/fr\/wp-json\/wp\/v2\/users\/5"}],"replies":[{"embeddable":true,"href":"https:\/\/alpineeaglefoundation.org\/fr\/wp-json\/wp\/v2\/comments?post=7995"}],"version-history":[{"count":20,"href":"https:\/\/alpineeaglefoundation.org\/fr\/wp-json\/wp\/v2\/pages\/7995\/revisions"}],"predecessor-version":[{"id":8156,"href":"https:\/\/alpineeaglefoundation.org\/fr\/wp-json\/wp\/v2\/pages\/7995\/revisions\/8156"}],"wp:featuredmedia":[{"embeddable":true,"href":"https:\/\/alpineeaglefoundation.org\/fr\/wp-json\/wp\/v2\/media\/5824"}],"wp:attachment":[{"href":"https:\/\/alpineeaglefoundation.org\/fr\/wp-json\/wp\/v2\/media?parent=7995"}],"curies":[{"name":"wp","href":"https:\/\/api.w.org\/{rel}","templated":true}]}}